{"id":1118,"date":"2015-03-24T08:11:39","date_gmt":"2015-03-24T08:11:39","guid":{"rendered":"https:\/\/kigo.se.vkube.cloud\/en\/?page_id=1118"},"modified":"2016-04-13T09:57:54","modified_gmt":"2016-04-13T09:57:54","slug":"tvatthallstugan","status":"publish","type":"page","link":"https:\/\/www.arboretum-norr.se\/de\/the-arboretum-in-baggbole\/kvarnangen\/tvatthallstugan\/","title":{"rendered":"Tv\u00e4tth\u00e4llstugan"},"content":{"rendered":"<p><span style=\"font-family: Calibri; font-size: medium;\"><a href=\"https:\/\/www.arboretum-norr.se\/wp-content\/uploads\/sites\/3\/2015\/03\/Tvatthallsstugan.jpg\" rel=\"lightbox-0\"><img loading=\"lazy\" decoding=\"async\" class=\"aligncenter wp-image-1292 size-large\" title=\"Klicka f\u00f6r att f\u00f6rstora\" src=\"https:\/\/www.arboretum-norr.se\/wp-content\/uploads\/sites\/3\/2015\/03\/Tvatthallsstugan-1024x768.jpg\" alt=\"\" width=\"584\" height=\"438\" \/><\/a><\/span><\/p>\n<p>The name tv\u00e4tth\u00e4llan can be divided into two different words; tv\u00e4tt means wash and h\u00e4llan means rock surface. Basically it&#8217;s a place by the river where you can wash your clothes on the rock surface and that is exactly what this place was used for before. Ume\u00e5 municipality built\u00a0the grill cabin which was given\u00a0the name tv\u00e4tth\u00e4llstugan (stugan means cabin). Nowadays the washing of clothes has been replaced by a popular place for our visitors in the arboretum and other people that just want to relax by the riverside. There is a fireplace both inside and outside the cabin and during the summer period there is firewood available.<\/p>\n<p>&nbsp;<\/p>\n<p><a href=\"https:\/\/www.arboretum-norr.se\/wp-content\/uploads\/sites\/3\/2015\/03\/samlingsplats.jpg\" rel=\"lightbox-1\"><img loading=\"lazy\" decoding=\"async\" class=\"aligncenter wp-image-1293 size-large\" title=\"Klicka f\u00f6r att f\u00f6rstora\" src=\"https:\/\/www.arboretum-norr.se\/wp-content\/uploads\/sites\/3\/2015\/03\/samlingsplats-1024x768.jpg\" alt=\"samlingsplats\" width=\"584\" height=\"438\" \/><\/a><\/p>\n<p>&nbsp;<\/p>\n","protected":false},"excerpt":{"rendered":"<p>The name tv\u00e4tth\u00e4llan can be divided into two different words; tv\u00e4tt means wash and h\u00e4llan means rock surface. Basically it&#8217;s a place by the river where you can wash your clothes on the rock surface and that is exactly what &hellip; <a href=\"https:\/\/www.arboretum-norr.se\/de\/the-arboretum-in-baggbole\/kvarnangen\/tvatthallstugan\/\">Continue reading <span class=\"meta-nav\">&rarr;<\/span><\/a><\/p>\n","protected":false},"author":797161,"featured_media":0,"parent":127,"menu_order":0,"comment_status":"closed","ping_status":"closed","template":"","meta":{"footnotes":""},"class_list":["post-1118","page","type-page","status-publish","hentry"],"_links":{"self":[{"href":"https:\/\/www.arboretum-norr.se\/de\/wp-json\/wp\/v2\/pages\/1118","targetHints":{"allow":["GET"]}}],"collection":[{"href":"https:\/\/www.arboretum-norr.se\/de\/wp-json\/wp\/v2\/pages"}],"about":[{"href":"https:\/\/www.arboretum-norr.se\/de\/wp-json\/wp\/v2\/types\/page"}],"author":[{"embeddable":true,"href":"https:\/\/www.arboretum-norr.se\/de\/wp-json\/wp\/v2\/users\/797161"}],"replies":[{"embeddable":true,"href":"https:\/\/www.arboretum-norr.se\/de\/wp-json\/wp\/v2\/comments?post=1118"}],"version-history":[{"count":8,"href":"https:\/\/www.arboretum-norr.se\/de\/wp-json\/wp\/v2\/pages\/1118\/revisions"}],"predecessor-version":[{"id":1237,"href":"https:\/\/www.arboretum-norr.se\/de\/wp-json\/wp\/v2\/pages\/1118\/revisions\/1237"}],"up":[{"embeddable":true,"href":"https:\/\/www.arboretum-norr.se\/de\/wp-json\/wp\/v2\/pages\/127"}],"wp:attachment":[{"href":"https:\/\/www.arboretum-norr.se\/de\/wp-json\/wp\/v2\/media?parent=1118"}],"curies":[{"name":"wp","href":"https:\/\/api.w.org\/{rel}","templated":true}]}}