{"id":119,"date":"2014-04-25T20:15:12","date_gmt":"2014-04-25T18:15:12","guid":{"rendered":"http:\/\/hkartor.se\/~vax\/arboretumnorr_wp\/?page_id=119"},"modified":"2015-04-01T13:40:57","modified_gmt":"2015-04-01T13:40:57","slug":"europe","status":"publish","type":"page","link":"https:\/\/www.arboretum-norr.se\/de\/the-arboretum-in-baggbole\/europe\/","title":{"rendered":"Europe"},"content":{"rendered":"<p>&#8220;Den gamla v\u00e4rden&#8221; brukar ju denna v\u00e4rldsdel betitlas. Europa \u00e4r det omr\u00e5de som ligger l\u00e4ngst bort i arboretet och har den minst exotiska klangen. Cirka 250 plantor f\u00f6rdelat p\u00e5 33 olika arter finns planterade ut\u00f6ver de naturligt f\u00f6rekommande vedv\u00e4xterna som ju egentligen ocks\u00e5 b\u00f6r r\u00e4knas till v\u00e4rldsdelen.<\/p>\n<map id=\"imgmap201541144717\" name=\"imgmap201541144717\">\n<area shape=\"rect\" alt=\"\" title=\"\" coords=\"416,98,560,201\" href=\"the-north-west-entrance\/\" target=\"\" \/>\n<area shape=\"rect\" alt=\"\" title=\"\" coords=\"282,111,413,198\" href=\"the-big-ravine\/\" target=\"\" \/>\n<area shape=\"rect\" alt=\"\" title=\"\" coords=\"295,201,412,265\" href=\"kammen\/\" target=\"\" \/>\n<area shape=\"rect\" alt=\"\" title=\"\" coords=\"280,267,435,335\" href=\"hazel-hill\/\" target=\"\" \/>\n<area shape=\"rect\" alt=\"\" title=\"\" coords=\"412,337,561,385\" href=\"oak-woodland\/\" target=\"\" \/><\/map>\n<p><img decoding=\"async\" usemap=\"imgmap201541144717\" class=\"mapImg wp-image-358 alignnone\" src=\"https:\/\/www.arboretum-norr.se\/wp-content\/uploads\/sites\/3\/2015\/04\/europa-eng.png\" alt=\"Map of Europe\" \/><\/p>\n<p>H\u00e4r hittar man v\u00e4xter som s\u00e4kert \u00e4r k\u00e4nda f\u00f6r m\u00e5nga; exempelvis klibbal (<em>Alnus glutinosa<\/em>), en (<em>Juniperus communis<\/em>) och gran (<em>Picea abies<\/em>). Men det finns \u00e4ven en del f\u00f6r Nordsverige ovanligare tr\u00e4d som man inte b\u00f6r missa. H\u00e4stkastanj (<em>Aesculus hippocastanum<\/em>) som v\u00e4xer vild i bl.a Bulgarien och v\u00e5r inhemska ask (<em>Fraxinus excelsior<\/em>) ger v\u00e4rdsdelen en exotisk touch.<\/p>\n<p>Skogseken (<em>Quercus robur<\/em>) befinner sig l\u00e5ngt norr om sin naturliga nordgr\u00e4ns men har bevisat sin \u00f6verlevnadsf\u00f6rm\u00e5ga p\u00e5 flera h\u00e5ll i Ume\u00e5, bl a residensparken. I arboretet i Baggb\u00f6le finns idag totalt 26 ekar varav m\u00e5nga \u00e4r nedbetade till f\u00e4ltskiktsniv\u00e5. Dock finns n\u00e5gra som har lyckat h\u00f6ja sig \u00f6ver m\u00e4ngden och m\u00e4ter idag 3-4 meter. Dock kan inte ens dessa anses vara utom fara vad g\u00e4ller risk f\u00f6r fejning och betning av r\u00e5djur och \u00e4lg, vid en rej\u00e4l sn\u00f6vinter kan tr\u00e4dens \u00f6vre delar bli tillg\u00e4ngliga f\u00f6r kr\u00e4sna mular.<\/p>\n<p>Fullt klart \u00e4r \u00e4ndock att en ek med r\u00e4tt ursprung planterad i ett n\u00e5gorlunda skyddat l\u00e4ge har all m\u00f6jligheter att utvecklas till ett st\u00f6rre tr\u00e4d p\u00e5 \u00e5tminstone 10-12 meter i Umetrakten. Inom parentes kan n\u00e4mnas att eken blir cirka 25 meter i s\u00f6dra Sverige och att h\u00f6jder p\u00e5 omkring 50 meter har uppm\u00e4tts i mellersta Europa. Sverige st\u00f6rsta ek m\u00e4ter mer \u00e4n 14 meter i omkrets och har uppskattats vara mellan 800 och 900 \u00e5r gammal. I seminarieparken i Ume\u00e5 finns ett exemplar av den n\u00e4rbesl\u00e4ktade bergeken (<em>Quercus petraea<\/em>), troligen Sveriges nordligaste. Tr\u00e4det m\u00e4ter idag cirka sju meter.<\/p>\n<p>Skogsalm (<em>Ulmus glabra<\/em>) \u00e4r representerad med tv\u00e5 olika provenienser. Den med ursprung i Uppsala har utvecklats b\u00e4ttre \u00e4n den konkurrerande norska proveniensen fr\u00e5n Trondheim. &#8220;Uppsala-almen&#8221; \u00e4r idag trestammig och cirka 3 meter h\u00f6g.<\/p>\n<p>De serbiska granarna (<em>Picea omorika<\/em>) \u00e4r n\u00e5got av en besvikelse. De \u00e4r normalt mycket odlingss\u00e4kra och ing\u00e5r i sortimentet hos flera handelstr\u00e4dg\u00e5rdar i Ume\u00e5 men har i Baggb\u00f6le uppvisat d\u00e5liga resultat. V\u00e4xtplatsen har \u00e4nd\u00e5 varit t\u00e4mligen skyddad med en l\u00f6vsk\u00e4rm av varierande t\u00e4thet. Flertalet plantor har under en period av 15 \u00e5r inte n\u00e5tt h\u00f6gre \u00e4n 1-3 meter och allm\u00e4ntillst\u00e5ndet hos m\u00e5nga exemplar \u00e4r mycket d\u00e5ligt. Dock kan man tydligt se att proveniensen fr\u00e5n Arboretum Mustila i Finland v\u00e4xer b\u00e4ttre \u00e4n de uppdragna fr\u00e5n Danskt fr\u00f6.<\/p>\n<p>Arten v\u00e4xer i sitt begr\u00e4nsade utbredningsomr\u00e5de i f d Jugoslavien p\u00e5 kalkgrund men anses vara mycket tolerant med avseende p\u00e5 underlaget.<\/p>\n<p>Klibbal (<em>Alnus glutinosa<\/em>) finns som fyra olika provenienser i Baggb\u00f6le &#8211; en svensk, tv\u00e5 finska och en holl\u00e4ndsk. &#8220;Holl\u00e4ndarna&#8221; \u00e4r de enda som vissa \u00e5r frostskadats vilket understryker proveniensens betydelse. Klibbalen \u00e4r k\u00e4nslig f\u00f6r f\u00f6rflyttningar i syd-nordlig riktning. Skillnaden till f\u00f6ljd av h\u00e4rkomst syntes mycket tydligt vid inventeringen 1995 d\u00e5 de tv\u00e5 kvarvarande holl\u00e4ndska klibbalarna v\u00e4xte kraftigt nedb\u00f6jda l\u00e4ngs marken. De har nu r\u00e4tat p\u00e5 sig och m\u00e4ter 6-7 m. D\u00e4remot v\u00e4xter b\u00e5da de svenska och finska alarna b\u00e4ttre. Tillv\u00e4xten hos de finska tr\u00e4den \u00e4r god men flera tv\u00e5 &#8211; och flerstammiga individer har utvecklats. Avgjort b\u00e4st vad g\u00e4ller sundhet och utveckling \u00e4r den svenska klibbalen fr\u00e5n Kroksj\u00f6 i V\u00e4sterbotten.<\/p>\n<p>Korgvide (<em>Salix viminalis<\/em>) \u00e4r representerat av ett vacker exemplar med ett sirligt bladverk. H\u00e4rdigheten \u00e4r utomordentligt god och h\u00f6stf\u00e4rgen fantastisk! Samma isl\u00e4ndska klon, &#8216;Katrin&#8217;, finns \u00e4ven planterad med gott resultat i Malmberget, zon 7-8, d\u00e4r den n\u00e5r en h\u00f6jd av 5-6 m.. Klonen insamlades ursprungligen p\u00e5 j\u00e4rnv\u00e4gsstationen i Kiruna av en passerande representant f\u00f6r Botaniska tr\u00e4dg\u00e5rden i Akureyri p\u00e5 Island och h\u00e4rstammar troligen fr\u00e5n v\u00e4stra Ryssland.<\/p>\n<p>Slutligen skall kort n\u00e4mnas n\u00e5got om samlingen av enbuskar (<em>Juniperus communis<\/em>). En av avsikterna med planteringarna var att s\u00f6ka pelarformade varianter. Enarna planterades omkring 1982 och utvecklas synnerligen olika. En av dem, proveniensen fr\u00e5n Junosuando, har utvecklats fint de senaste \u00e5ren och \u00e4r idag \u00f6ver 2 m och ganska pelarformad.<\/p>\n","protected":false},"excerpt":{"rendered":"<p>&#8220;Den gamla v\u00e4rden&#8221; brukar ju denna v\u00e4rldsdel betitlas. Europa \u00e4r det omr\u00e5de som ligger l\u00e4ngst bort i arboretet och har den minst exotiska klangen. Cirka 250 plantor f\u00f6rdelat p\u00e5 33 olika arter finns planterade ut\u00f6ver de naturligt f\u00f6rekommande vedv\u00e4xterna som &hellip; <a href=\"https:\/\/www.arboretum-norr.se\/de\/the-arboretum-in-baggbole\/europe\/\">Continue reading <span class=\"meta-nav\">&rarr;<\/span><\/a><\/p>\n","protected":false},"author":797161,"featured_media":0,"parent":12,"menu_order":0,"comment_status":"closed","ping_status":"closed","template":"sidebar-page.php","meta":{"footnotes":""},"class_list":["post-119","page","type-page","status-publish","hentry"],"_links":{"self":[{"href":"https:\/\/www.arboretum-norr.se\/de\/wp-json\/wp\/v2\/pages\/119","targetHints":{"allow":["GET"]}}],"collection":[{"href":"https:\/\/www.arboretum-norr.se\/de\/wp-json\/wp\/v2\/pages"}],"about":[{"href":"https:\/\/www.arboretum-norr.se\/de\/wp-json\/wp\/v2\/types\/page"}],"author":[{"embeddable":true,"href":"https:\/\/www.arboretum-norr.se\/de\/wp-json\/wp\/v2\/users\/797161"}],"replies":[{"embeddable":true,"href":"https:\/\/www.arboretum-norr.se\/de\/wp-json\/wp\/v2\/comments?post=119"}],"version-history":[{"count":21,"href":"https:\/\/www.arboretum-norr.se\/de\/wp-json\/wp\/v2\/pages\/119\/revisions"}],"predecessor-version":[{"id":1210,"href":"https:\/\/www.arboretum-norr.se\/de\/wp-json\/wp\/v2\/pages\/119\/revisions\/1210"}],"up":[{"embeddable":true,"href":"https:\/\/www.arboretum-norr.se\/de\/wp-json\/wp\/v2\/pages\/12"}],"wp:attachment":[{"href":"https:\/\/www.arboretum-norr.se\/de\/wp-json\/wp\/v2\/media?parent=119"}],"curies":[{"name":"wp","href":"https:\/\/api.w.org\/{rel}","templated":true}]}}