{"id":123,"date":"2014-04-25T20:15:41","date_gmt":"2014-04-25T18:15:41","guid":{"rendered":"http:\/\/hkartor.se\/~vax\/arboretumnorr_wp\/?page_id=123"},"modified":"2015-04-01T13:49:19","modified_gmt":"2015-04-01T13:49:19","slug":"eastern-north-america","status":"publish","type":"page","link":"https:\/\/www.arboretum-norr.se\/de\/the-arboretum-in-baggbole\/eastern-north-america\/","title":{"rendered":"Eastern North America"},"content":{"rendered":"<p><img decoding=\"async\" class=\"mapImg size-full wp-image-382 alignnone\" src=\"https:\/\/www.arboretum-norr.se\/wp-content\/uploads\/sites\/3\/2015\/04\/onordamerika-eng.png\" alt=\"\u00d6stra nordamerika\" usemap=\"imgmap20154114588\" \/><\/p>\n<map id=\"imgmap20154114588\" name=\"imgmap20154114588\">\n<area shape=\"rect\" alt=\"\" title=\"\" coords=\"322,247,441,330\" href=\"eastern-white-cedar-stand\/\" target=\"\" \/>\n<area shape=\"rect\" alt=\"\" title=\"\" coords=\"210,333,368,386\" href=\"meadow-woodlands\/\" target=\"\" \/>\n<area shape=\"rect\" alt=\"\" title=\"\" coords=\"425,331,579,391\" href=\"balsam-firs\/\" target=\"\" \/>\n<area shape=\"rect\" alt=\"\" title=\"\" coords=\"360,406,511,499\" href=\"fern-valley\/\" target=\"\" \/><\/map>\n<p>&#8220;\u00d6stra Nordamerika&#8221; \u00e4r en spektakul\u00e4r plats att bes\u00f6ka om v\u00e5ren, inte bara med avseende p\u00e5 exotiska tr\u00e4d och buskar utan kanske fr\u00e4mst p\u00e5 grund av en ymnighet av v\u00e5r inhemska ormbunksart strutbr\u00e4ken (Matteuccia stuthiopteris). Den ger sluttningen en n\u00e4rmast tropisk pr\u00e4gel.<\/p>\n<p>Antalet transatlantiska buskar och tr\u00e4d i den h\u00e4r delen av arboretet uppg\u00e5r till 34 olika arter f\u00f6rdelat p\u00e5 omkring 260 plantor. Nere vid stranpromenaden finns ett st\u00f6rre best\u00e5nd av\u00a0Silverl\u00f6nn. Arten kom till England fr\u00e5n Nordamerika redan p\u00e5 tidigt 1700-tal och har sedan dess varit ett uppskattat tr\u00e4d med gott prydnadsv\u00e4rde stora delar av Europa. Arten anses inte vara h\u00e4rdig p\u00e5 v\u00e5ra breddgrader men i Arboretum Norr st\u00e5r sedan 1986 et 50-tal sliverl\u00f6nnar. Bladen \u00e4r m\u00f6rkr\u00f6da n\u00e4r de sl\u00e5r ut p\u00e5 v\u00e5ren. de blir sedan ljusgr\u00f6na med silvervit undersida som liksom glittrar n\u00e4r vinden drar genom l\u00f6vverket.<\/p>\n<p>Tr\u00e4den i best\u00e5ndet varierar b\u00e5de i form och storlek, men vissa exemplar har utvecklats riktigt bra och \u00e4r idag \u00f6ver 5 m h\u00f6ga. Elva sockerl\u00f6nnar, <em>Acer sccharum<\/em>, h\u00e4rsammande fr\u00e5n New Hampshire i \u00d6stra USA planterades ut v\u00e5ren 2001. Arten anses allm\u00e4nt vara mindre h\u00e4rdig och odlingsv\u00e4rd \u00e4n silverl\u00f6nnen, men har dock klarat uppdragningen i \u00d6jebyn utanf\u00f6r Pite\u00e5 bra och vi hoppas att den framtida utvecklingen blir god.<\/p>\n","protected":false},"excerpt":{"rendered":"<p>&#8220;\u00d6stra Nordamerika&#8221; \u00e4r en spektakul\u00e4r plats att bes\u00f6ka om v\u00e5ren, inte bara med avseende p\u00e5 exotiska tr\u00e4d och buskar utan kanske fr\u00e4mst p\u00e5 grund av en ymnighet av v\u00e5r inhemska ormbunksart strutbr\u00e4ken (Matteuccia stuthiopteris). Den ger sluttningen en n\u00e4rmast tropisk &hellip; <a href=\"https:\/\/www.arboretum-norr.se\/de\/the-arboretum-in-baggbole\/eastern-north-america\/\">Continue reading <span class=\"meta-nav\">&rarr;<\/span><\/a><\/p>\n","protected":false},"author":797161,"featured_media":0,"parent":12,"menu_order":0,"comment_status":"closed","ping_status":"closed","template":"sidebar-page.php","meta":{"footnotes":""},"class_list":["post-123","page","type-page","status-publish","hentry"],"_links":{"self":[{"href":"https:\/\/www.arboretum-norr.se\/de\/wp-json\/wp\/v2\/pages\/123","targetHints":{"allow":["GET"]}}],"collection":[{"href":"https:\/\/www.arboretum-norr.se\/de\/wp-json\/wp\/v2\/pages"}],"about":[{"href":"https:\/\/www.arboretum-norr.se\/de\/wp-json\/wp\/v2\/types\/page"}],"author":[{"embeddable":true,"href":"https:\/\/www.arboretum-norr.se\/de\/wp-json\/wp\/v2\/users\/797161"}],"replies":[{"embeddable":true,"href":"https:\/\/www.arboretum-norr.se\/de\/wp-json\/wp\/v2\/comments?post=123"}],"version-history":[{"count":22,"href":"https:\/\/www.arboretum-norr.se\/de\/wp-json\/wp\/v2\/pages\/123\/revisions"}],"predecessor-version":[{"id":1213,"href":"https:\/\/www.arboretum-norr.se\/de\/wp-json\/wp\/v2\/pages\/123\/revisions\/1213"}],"up":[{"embeddable":true,"href":"https:\/\/www.arboretum-norr.se\/de\/wp-json\/wp\/v2\/pages\/12"}],"wp:attachment":[{"href":"https:\/\/www.arboretum-norr.se\/de\/wp-json\/wp\/v2\/media?parent=123"}],"curies":[{"name":"wp","href":"https:\/\/api.w.org\/{rel}","templated":true}]}}