{"id":127,"date":"2014-04-25T20:16:32","date_gmt":"2014-04-25T18:16:32","guid":{"rendered":"http:\/\/hkartor.se\/~vax\/arboretumnorr_wp\/?page_id=127"},"modified":"2016-05-18T10:47:02","modified_gmt":"2016-05-18T10:47:02","slug":"kvarnangen","status":"publish","type":"page","link":"https:\/\/www.arboretum-norr.se\/de\/the-arboretum-in-baggbole\/kvarnangen\/","title":{"rendered":"Kvarn\u00e4ngen (Cultivar section)"},"content":{"rendered":"<p><img loading=\"lazy\" decoding=\"async\" width=\"604\" height=\"423\" class=\"alignnone mapImg wp-image-1195\" src=\"https:\/\/www.arboretum-norr.se\/wp-content\/uploads\/sites\/3\/2015\/04\/kvarnangen-eng.png\" alt=\"Kvarn\u00e4ngen\" usemap=\"imgmap201541145214\" srcset=\"https:\/\/www.arboretum-norr.se\/de\/wp-content\/uploads\/sites\/3\/2015\/04\/kvarnangen-eng.png 604w, https:\/\/www.arboretum-norr.se\/de\/wp-content\/uploads\/sites\/3\/2015\/04\/kvarnangen-eng-300x210.png 300w, https:\/\/www.arboretum-norr.se\/de\/wp-content\/uploads\/sites\/3\/2015\/04\/kvarnangen-eng-428x300.png 428w\" sizes=\"auto, (max-width: 604px) 100vw, 604px\" \/><\/p>\n<map id=\"imgmap201541145214\" name=\"imgmap201541145214\">\n<area title=\"\" alt=\"\" coords=\"40,10,174,91\" shape=\"rect\" href=\"tvatthallstugan\/\" target=\"\" \/>\n<area title=\"\" alt=\"\" coords=\"244,90,326,163\" shape=\"rect\" href=\"blue-bench-area\/\" target=\"\" \/>\n<area title=\"\" alt=\"\" coords=\"138,121,242,216\" shape=\"rect\" href=\"the-pond\/\" target=\"\" \/>\n<area title=\"\" alt=\"\" coords=\"121,270,234,346\" shape=\"rect\" href=\"river-path\/\" target=\"\" \/>\n<area title=\"\" alt=\"\" coords=\"365,265,488,321\" shape=\"rect\" href=\"rosarium\/\" target=\"\" \/>\n<area title=\"\" alt=\"\" coords=\"364,325,490,369\" shape=\"rect\" href=\"the-bridge\/\" target=\"\" \/><\/map>\n<p><a href=\"https:\/\/www.arboretum-norr.se\/wp-content\/uploads\/sites\/3\/2014\/04\/entren_min.jpg\" rel=\"lightbox-0\"><img loading=\"lazy\" decoding=\"async\" class=\"alignright wp-image-1177\" title=\"Entr\u00e9n - klicka f\u00f6r att f\u00f6rstora\" src=\"https:\/\/www.arboretum-norr.se\/wp-content\/uploads\/sites\/3\/2014\/04\/entren_min-300x238.jpg\" alt=\"entren_min\" width=\"350\" height=\"277\" \/><\/a><\/p>\n<p>When you enter the arboretum through the mansion entrance you can hear the sound of the river and greets by a beautiful view over the river landscape of Ume\u00e5 river valley. This part of the arboretum is called Kvarn\u00e4ngen (\u201cthe mill meadow\u201d) and it is rather different from the other Arboretum parts. The name refers to the old mills that once were placed here (if you\u2019re interested in more information\u00a0of the sight you can read more under the tab (<a title=\"History\" href=\"https:\/\/www.arboretum-norr.se\/en\/history\/\">history<\/a>)<\/p>\n<p>&nbsp;<\/p>\n<hr class=\"readmoreDivider\" \/>\n<p><a href=\"https:\/\/www.arboretum-norr.se\/wp-content\/uploads\/sites\/3\/2014\/04\/birches_Sv.jpg\" rel=\"lightbox-1\"><img loading=\"lazy\" decoding=\"async\" class=\"alignleft wp-image-1280\" src=\"https:\/\/www.arboretum-norr.se\/wp-content\/uploads\/sites\/3\/2014\/04\/rodbjork_min-207x300.jpg\" alt=\"rodbjork_min\" width=\"225\" height=\"325\" \/><\/a>The main difference between this and the other sections is the existence of cultivated plants. In the other parts, named after its geographical region, we do not plant cultivated plants. Most of the existing species in the geographical \u201dcontinents\u201d are gathered during travels and brought up from seeds. The thought with the \u201dcontinents\u201d that the visitor will see trees exactly like it would be at their normal growth range. Kvarn\u00e4ngen contains a mixture of species from all the continents but with a cultivated and individual difference from the \u201doriginally\u201d plants. You can say that the continents\u2019 of the arboretum would like to show the diversity among species when the kvarn\u00e4ngen section would like to show the diversity within the species. An example of this is the large amount of leaf colors, shape of the leafs and formation in the tree crown that can generate from mutation and then multiply vegetative and when in store market with its `cultivar\u00b4 name.<\/p>\n<p>Kvarn\u00e4ngen is also thought as a display for the Arboretum and many of the trees and bushes are placed simply by esthetic purpose. You can find many trees with beautiful blooming as for example the Asian apples in the apple grove. A further difference, between this part and others of the arboretum, is the care. We try to manage this part as a traditional park by mowing the grass and clearing out unwanted weeds.<\/p>\n","protected":false},"excerpt":{"rendered":"<p>When you enter the arboretum through the mansion entrance you can hear the sound of the river and greets by a beautiful view over the river landscape of Ume\u00e5 river valley. This part of the arboretum is called Kvarn\u00e4ngen (\u201cthe &hellip; <a href=\"https:\/\/www.arboretum-norr.se\/de\/the-arboretum-in-baggbole\/kvarnangen\/\">Continue reading <span class=\"meta-nav\">&rarr;<\/span><\/a><\/p>\n","protected":false},"author":797161,"featured_media":0,"parent":12,"menu_order":0,"comment_status":"closed","ping_status":"closed","template":"sidebar-page.php","meta":{"footnotes":""},"class_list":["post-127","page","type-page","status-publish","hentry"],"_links":{"self":[{"href":"https:\/\/www.arboretum-norr.se\/de\/wp-json\/wp\/v2\/pages\/127","targetHints":{"allow":["GET"]}}],"collection":[{"href":"https:\/\/www.arboretum-norr.se\/de\/wp-json\/wp\/v2\/pages"}],"about":[{"href":"https:\/\/www.arboretum-norr.se\/de\/wp-json\/wp\/v2\/types\/page"}],"author":[{"embeddable":true,"href":"https:\/\/www.arboretum-norr.se\/de\/wp-json\/wp\/v2\/users\/797161"}],"replies":[{"embeddable":true,"href":"https:\/\/www.arboretum-norr.se\/de\/wp-json\/wp\/v2\/comments?post=127"}],"version-history":[{"count":30,"href":"https:\/\/www.arboretum-norr.se\/de\/wp-json\/wp\/v2\/pages\/127\/revisions"}],"predecessor-version":[{"id":1266,"href":"https:\/\/www.arboretum-norr.se\/de\/wp-json\/wp\/v2\/pages\/127\/revisions\/1266"}],"up":[{"embeddable":true,"href":"https:\/\/www.arboretum-norr.se\/de\/wp-json\/wp\/v2\/pages\/12"}],"wp:attachment":[{"href":"https:\/\/www.arboretum-norr.se\/de\/wp-json\/wp\/v2\/media?parent=127"}],"curies":[{"name":"wp","href":"https:\/\/api.w.org\/{rel}","templated":true}]}}