{"id":193,"date":"2015-01-20T13:23:42","date_gmt":"2015-01-20T12:23:42","guid":{"rendered":"http:\/\/hkartor.se\/~vax\/arboretumnorr_wp\/?page_id=193"},"modified":"2015-03-20T11:16:07","modified_gmt":"2015-03-20T11:16:07","slug":"the-ridge","status":"publish","type":"page","link":"https:\/\/www.arboretum-norr.se\/de\/the-arboretum-in-baggbole\/europe\/the-ridge\/","title":{"rendered":"The Ridge"},"content":{"rendered":"<p><a href=\"https:\/\/www.arboretum-norr.se\/wp-content\/uploads\/sites\/3\/2014\/04\/Kammen.jpg\" rel=\"lightbox-0\"><img loading=\"lazy\" decoding=\"async\" class=\"alignright size-medium wp-image-538\" src=\"https:\/\/www.arboretum-norr.se\/wp-content\/uploads\/sites\/3\/2014\/04\/Kammen-300x244.jpg\" alt=\"Kammen\" width=\"300\" height=\"244\" srcset=\"https:\/\/www.arboretum-norr.se\/de\/wp-content\/uploads\/sites\/3\/2014\/04\/Kammen-300x244.jpg 300w, https:\/\/www.arboretum-norr.se\/de\/wp-content\/uploads\/sites\/3\/2014\/04\/Kammen-369x300.jpg 369w, https:\/\/www.arboretum-norr.se\/de\/wp-content\/uploads\/sites\/3\/2014\/04\/Kammen.jpg 1000w\" sizes=\"auto, (max-width: 300px) 100vw, 300px\" \/><\/a>Stigen l\u00e4ngs den s.k. Kammen l\u00f6per mellan riktigt grova tallar och granar och erbjuder n\u00e5gra av arboretets allra vackraste utsikter, dels ut \u00f6ver \u00e4lven med Silvergran <em>(Abies alba)<\/em> och h\u00f6gv\u00e4xande enar i f\u00f6rgrunden, dels ned i omr\u00e5dets allra st\u00f6rsta och vildaste ravin. Ravinen kommer att l\u00e4mnas till fri utveckling, som ett exempel p\u00e5 en mycket b\u00f6rdig nordsvensk biotop.<\/p>\n<p>Auditoriet som ligger l\u00e4ngst ner i backen och \u00e4r inramat av flerhundra\u00e5riga tallar och grova aspar och \u00e4r t\u00e4nkt som en plats f\u00f6r f\u00f6rel\u00e4sningar och mindre upptr\u00e4danden. Platsen anv\u00e4nds ocks\u00e5 flitigt under guidningar.<\/p>\n","protected":false},"excerpt":{"rendered":"<p>Stigen l\u00e4ngs den s.k. Kammen l\u00f6per mellan riktigt grova tallar och granar och erbjuder n\u00e5gra av arboretets allra vackraste utsikter, dels ut \u00f6ver \u00e4lven med Silvergran (Abies alba) och h\u00f6gv\u00e4xande enar i f\u00f6rgrunden, dels ned i omr\u00e5dets allra st\u00f6rsta och &hellip; <a href=\"https:\/\/www.arboretum-norr.se\/de\/the-arboretum-in-baggbole\/europe\/the-ridge\/\">Continue reading <span class=\"meta-nav\">&rarr;<\/span><\/a><\/p>\n","protected":false},"author":797161,"featured_media":0,"parent":119,"menu_order":0,"comment_status":"closed","ping_status":"closed","template":"","meta":{"footnotes":""},"class_list":["post-193","page","type-page","status-publish","hentry"],"_links":{"self":[{"href":"https:\/\/www.arboretum-norr.se\/de\/wp-json\/wp\/v2\/pages\/193","targetHints":{"allow":["GET"]}}],"collection":[{"href":"https:\/\/www.arboretum-norr.se\/de\/wp-json\/wp\/v2\/pages"}],"about":[{"href":"https:\/\/www.arboretum-norr.se\/de\/wp-json\/wp\/v2\/types\/page"}],"author":[{"embeddable":true,"href":"https:\/\/www.arboretum-norr.se\/de\/wp-json\/wp\/v2\/users\/797161"}],"replies":[{"embeddable":true,"href":"https:\/\/www.arboretum-norr.se\/de\/wp-json\/wp\/v2\/comments?post=193"}],"version-history":[{"count":5,"href":"https:\/\/www.arboretum-norr.se\/de\/wp-json\/wp\/v2\/pages\/193\/revisions"}],"predecessor-version":[{"id":1030,"href":"https:\/\/www.arboretum-norr.se\/de\/wp-json\/wp\/v2\/pages\/193\/revisions\/1030"}],"up":[{"embeddable":true,"href":"https:\/\/www.arboretum-norr.se\/de\/wp-json\/wp\/v2\/pages\/119"}],"wp:attachment":[{"href":"https:\/\/www.arboretum-norr.se\/de\/wp-json\/wp\/v2\/media?parent=193"}],"curies":[{"name":"wp","href":"https:\/\/api.w.org\/{rel}","templated":true}]}}