{"id":273,"date":"2015-02-02T16:56:22","date_gmt":"2015-02-02T15:56:22","guid":{"rendered":"http:\/\/hkartor.se\/~vax\/arboretumnorr_wp\/?page_id=273"},"modified":"2015-03-20T11:20:30","modified_gmt":"2015-03-20T11:20:30","slug":"the-north-west-entrance","status":"publish","type":"page","link":"https:\/\/www.arboretum-norr.se\/de\/the-arboretum-in-baggbole\/europe\/the-north-west-entrance\/","title":{"rendered":"The North West Entrance"},"content":{"rendered":"<p><a href=\"https:\/\/www.arboretum-norr.se\/wp-content\/uploads\/sites\/3\/2015\/02\/nventre.jpg\" rel=\"lightbox-0\"><img loading=\"lazy\" decoding=\"async\" class=\"alignright size-medium wp-image-562\" src=\"https:\/\/www.arboretum-norr.se\/wp-content\/uploads\/sites\/3\/2015\/02\/nventre-300x169.jpg\" alt=\"nventre\" width=\"300\" height=\"169\" srcset=\"https:\/\/www.arboretum-norr.se\/de\/wp-content\/uploads\/sites\/3\/2015\/02\/nventre-300x169.jpg 300w, https:\/\/www.arboretum-norr.se\/de\/wp-content\/uploads\/sites\/3\/2015\/02\/nventre-500x282.jpg 500w, https:\/\/www.arboretum-norr.se\/de\/wp-content\/uploads\/sites\/3\/2015\/02\/nventre.jpg 1000w\" sizes=\"auto, (max-width: 300px) 100vw, 300px\" \/><\/a>\u00d6vre entr\u00e9n till arboretets europadel flankeras numera av tv\u00e5 stora askar, <em>Fraxinus excelsior<\/em>, som planterades h\u00e4r i samband med den stora tr\u00e4dflytten fr\u00e5n R\u00f6b\u00e4cksdalen h\u00f6sten 2011. D\u00e5 ett stort antal tr\u00e4d och buskar fr\u00e5n v\u00e5ra gamla f\u00f6rs\u00f6ksf\u00e4lt vid R\u00f6b\u00e4cksdalen inne i Ume\u00e5 k\u00f6rdes ut till v\u00e5rt arboretum i Baggb\u00f6le. Det \u00e4r f\u00f6r tidigt att uttala sig om resultatet \u00e4nnu, men det verkar som om en stor andel av de flyttade tr\u00e4den kommer att klara sig.<\/p>\n<p>Bakom dessa st\u00e5r det ett litet best\u00e5nd med serbgranar, <em>Picea omorika<\/em>, med stora ravinen till h\u00f6ger. Serbgranen, existerar idag endast i ett trettiotal sm\u00e5 best\u00e5nd i de bergiga gr\u00e4nstrakterna mellan Bosnien-Hercegovina och Serbien medan den tredje arten; gran, <em>Picea abies<\/em>, t\u00e4cker hela nord\u00f6stra Europa och forts\u00e4tter vidare genom asiatiska Ryssland. En g\u00e5ng var dock rollerna ombytta. Det finns n\u00e4mligen \u201dfossilfynd\u201d, bland annat fr\u00e5n Dalarna, som visar att serbgranen v\u00e4xte h\u00e4r f\u00f6re den senaste istiden medan vanlig gran inte gjorde det. N\u00e4r klimatet gradvis blev kallare f\u00f6r ca 125 000 \u00e5r sedan fick serbgranarna och alla andra tr\u00e4d emigrera l\u00e4ngre och l\u00e4ngre s\u00f6derut f\u00f6r att \u201d\u00f6vervintra\u201d i sm\u00e5, s\u00e5 kallade refugieomr\u00e5den n\u00e4rmare Medelhavet, i det h\u00e4r fallet p\u00e5 Balkanhalv\u00f6n. Klimatet i \u201dv\u00e5r\u201d nuvarande mellanistid blev f\u00f6rmodligen lite f\u00f6r varmt och torrt f\u00f6r att serbgranen denna g\u00e5ng skulle kunna konkurrera med vanlig gran som d\u00e4rvid tog \u00f6ver. Alla istider vi har haft p\u00e5 dessa nordliga breddgrader har varje g\u00e5ng inneburit stora p\u00e5frestningar p\u00e5 artstocken, med utrotning och krympta utbredningsomr\u00e5den som f\u00f6ljd och vi vet att vi skulle ha haft en betydligt mer artrik tr\u00e4dflora i Skandinavien om det inte vore f\u00f6r dessa \u00e5terkommande klimatsv\u00e4ngningar.<\/p>\n","protected":false},"excerpt":{"rendered":"<p>\u00d6vre entr\u00e9n till arboretets europadel flankeras numera av tv\u00e5 stora askar, Fraxinus excelsior, som planterades h\u00e4r i samband med den stora tr\u00e4dflytten fr\u00e5n R\u00f6b\u00e4cksdalen h\u00f6sten 2011. D\u00e5 ett stort antal tr\u00e4d och buskar fr\u00e5n v\u00e5ra gamla f\u00f6rs\u00f6ksf\u00e4lt vid R\u00f6b\u00e4cksdalen inne &hellip; <a href=\"https:\/\/www.arboretum-norr.se\/de\/the-arboretum-in-baggbole\/europe\/the-north-west-entrance\/\">Continue reading <span class=\"meta-nav\">&rarr;<\/span><\/a><\/p>\n","protected":false},"author":797161,"featured_media":0,"parent":119,"menu_order":0,"comment_status":"closed","ping_status":"closed","template":"","meta":{"footnotes":""},"class_list":["post-273","page","type-page","status-publish","hentry"],"_links":{"self":[{"href":"https:\/\/www.arboretum-norr.se\/de\/wp-json\/wp\/v2\/pages\/273","targetHints":{"allow":["GET"]}}],"collection":[{"href":"https:\/\/www.arboretum-norr.se\/de\/wp-json\/wp\/v2\/pages"}],"about":[{"href":"https:\/\/www.arboretum-norr.se\/de\/wp-json\/wp\/v2\/types\/page"}],"author":[{"embeddable":true,"href":"https:\/\/www.arboretum-norr.se\/de\/wp-json\/wp\/v2\/users\/797161"}],"replies":[{"embeddable":true,"href":"https:\/\/www.arboretum-norr.se\/de\/wp-json\/wp\/v2\/comments?post=273"}],"version-history":[{"count":5,"href":"https:\/\/www.arboretum-norr.se\/de\/wp-json\/wp\/v2\/pages\/273\/revisions"}],"predecessor-version":[{"id":1033,"href":"https:\/\/www.arboretum-norr.se\/de\/wp-json\/wp\/v2\/pages\/273\/revisions\/1033"}],"up":[{"embeddable":true,"href":"https:\/\/www.arboretum-norr.se\/de\/wp-json\/wp\/v2\/pages\/119"}],"wp:attachment":[{"href":"https:\/\/www.arboretum-norr.se\/de\/wp-json\/wp\/v2\/media?parent=273"}],"curies":[{"name":"wp","href":"https:\/\/api.w.org\/{rel}","templated":true}]}}