{"id":275,"date":"2015-02-02T17:01:17","date_gmt":"2015-02-02T16:01:17","guid":{"rendered":"http:\/\/hkartor.se\/~vax\/arboretumnorr_wp\/?page_id=275"},"modified":"2015-03-20T11:21:36","modified_gmt":"2015-03-20T11:21:36","slug":"hazel-hill","status":"publish","type":"page","link":"https:\/\/www.arboretum-norr.se\/de\/the-arboretum-in-baggbole\/europe\/hazel-hill\/","title":{"rendered":"Hazel Hill"},"content":{"rendered":"<p>I hasselbacken finns det f\u00f6rst\u00e5s Hasselbuskar planterade <em>(Corylus avellana)<\/em>. Tv\u00e5 \u00e4ldre ganska stora individer st\u00e5r n\u00e4rmast huvudleden medan yngre plantor fr\u00e5n Ultuna och campus inne i Ume\u00e5 st\u00e5r i backen ovanf\u00f6r. F\u00f6rutom dessa buskar st\u00e5r ett ganska stort exemplar av parklind <em>(Tilia \u00d7 europaea)<\/em> ocks\u00e5 p\u00e5 samma plats. Det \u00e4r en hybrid, allts\u00e5 en korsning mellan vanlig skogslind <em>(Tilia cordata)<\/em> och bohuslind <em>(Tilia platyphyllos)<\/em>. Bohuslind \u00e4r ett av Sveriges ovanligaste l\u00f6vtr\u00e4d. Arboretets enda F\u00e5gelb\u00e4r-tr\u00e4d (<em>Prunus avium<\/em>) st\u00e5r i anslutning till de andra v\u00e4xterna. Det \u00e4r v\u00e4l etablerat och har b\u00f6rjat skjuta rotskott som senare ska flyttas f\u00f6r att skapa en ny generation f\u00e5gelb\u00e4r.<\/p>\n","protected":false},"excerpt":{"rendered":"<p>I hasselbacken finns det f\u00f6rst\u00e5s Hasselbuskar planterade (Corylus avellana). Tv\u00e5 \u00e4ldre ganska stora individer st\u00e5r n\u00e4rmast huvudleden medan yngre plantor fr\u00e5n Ultuna och campus inne i Ume\u00e5 st\u00e5r i backen ovanf\u00f6r. F\u00f6rutom dessa buskar st\u00e5r ett ganska stort exemplar av &hellip; <a href=\"https:\/\/www.arboretum-norr.se\/de\/the-arboretum-in-baggbole\/europe\/hazel-hill\/\">Continue reading <span class=\"meta-nav\">&rarr;<\/span><\/a><\/p>\n","protected":false},"author":797161,"featured_media":0,"parent":119,"menu_order":0,"comment_status":"closed","ping_status":"closed","template":"","meta":{"footnotes":""},"class_list":["post-275","page","type-page","status-publish","hentry"],"_links":{"self":[{"href":"https:\/\/www.arboretum-norr.se\/de\/wp-json\/wp\/v2\/pages\/275","targetHints":{"allow":["GET"]}}],"collection":[{"href":"https:\/\/www.arboretum-norr.se\/de\/wp-json\/wp\/v2\/pages"}],"about":[{"href":"https:\/\/www.arboretum-norr.se\/de\/wp-json\/wp\/v2\/types\/page"}],"author":[{"embeddable":true,"href":"https:\/\/www.arboretum-norr.se\/de\/wp-json\/wp\/v2\/users\/797161"}],"replies":[{"embeddable":true,"href":"https:\/\/www.arboretum-norr.se\/de\/wp-json\/wp\/v2\/comments?post=275"}],"version-history":[{"count":5,"href":"https:\/\/www.arboretum-norr.se\/de\/wp-json\/wp\/v2\/pages\/275\/revisions"}],"predecessor-version":[{"id":1035,"href":"https:\/\/www.arboretum-norr.se\/de\/wp-json\/wp\/v2\/pages\/275\/revisions\/1035"}],"up":[{"embeddable":true,"href":"https:\/\/www.arboretum-norr.se\/de\/wp-json\/wp\/v2\/pages\/119"}],"wp:attachment":[{"href":"https:\/\/www.arboretum-norr.se\/de\/wp-json\/wp\/v2\/media?parent=275"}],"curies":[{"name":"wp","href":"https:\/\/api.w.org\/{rel}","templated":true}]}}