{"id":279,"date":"2015-02-02T17:03:07","date_gmt":"2015-02-02T16:03:07","guid":{"rendered":"http:\/\/hkartor.se\/~vax\/arboretumnorr_wp\/?page_id=279"},"modified":"2015-03-24T08:59:08","modified_gmt":"2015-03-24T08:59:08","slug":"oak-woodland","status":"publish","type":"page","link":"https:\/\/www.arboretum-norr.se\/de\/the-arboretum-in-baggbole\/europe\/oak-woodland\/","title":{"rendered":"Oak Woodland"},"content":{"rendered":"<div id=\"attachment_260\" style=\"width: 594px\" class=\"wp-caption aligncenter\"><img loading=\"lazy\" decoding=\"async\" aria-describedby=\"caption-attachment-260\" class=\"size-large wp-image-260\" src=\"https:\/\/www.arboretum-norr.se\/wp-content\/uploads\/sites\/3\/2014\/04\/Ekbacken2-1024x379.jpg\" alt=\"Utsikt fr\u00e5n Ekbacken\" width=\"584\" height=\"216\" \/><p id=\"caption-attachment-260\" class=\"wp-caption-text\">Utsikt fr\u00e5n Ekbacken<\/p><\/div>\n<p>Sj\u00e4lva Ekbacken best\u00e5r av en sluttning d\u00e4r ett fyrtioiotal ekar, <em>Quercus robur<\/em>, h\u00e4rstammande fr\u00e5n Stockholm planterades redan f\u00f6r 35 \u00e5r sedan n\u00e4r arboretet anlades. P\u00e5 grund av klimatskador, men framf\u00f6rallt p\u00e5 grund av betning och konkurrens fr\u00e5n andra tr\u00e4d har de flesta st\u00e5tt och stampat och utg\u00f6r idag n\u00e4rmast ett buskskikt av krokiga och l\u00e5gvuxna ekar. Denna typ av l\u00e5gvuxen s\u00e5 kallad ekkrattskog \u00e4r, eller har i alla fall varit, mycket vanlig p\u00e5 magrare marker inom ekens naturliga utbredningsomr\u00e5de, och v\u00e5r ekkratt kommer h\u00e4r att f\u00e5 st\u00e5 kvar och utvecklas fritt. En handfull av de ursprungligen planterade ekarna har dock utvecklas till tr\u00e4dformiga individer, som efter ett flertal gallringar de senaste \u00e5ren, nu har b\u00f6rjat v\u00e4xa p\u00e5 sig rej\u00e4lt.<\/p>\n<div id=\"attachment_259\" style=\"width: 200px\" class=\"wp-caption alignright\"><a href=\"https:\/\/www.arboretum-norr.se\/wp-content\/uploads\/sites\/3\/2014\/04\/Ekbacken1.jpg\" rel=\"lightbox-0\"><img loading=\"lazy\" decoding=\"async\" aria-describedby=\"caption-attachment-259\" class=\"wp-image-259 size-new-size\" src=\"https:\/\/www.arboretum-norr.se\/wp-content\/uploads\/sites\/3\/2014\/04\/Ekbacken1-190x190.jpg\" alt=\"Ekbacken\" width=\"190\" height=\"190\" \/><\/a><p id=\"caption-attachment-259\" class=\"wp-caption-text\">Ekbacken<\/p><\/div>\n<p>Ekarna (sl\u00e4ktet <em>Quercus<\/em>) \u00e4r med sina uppemot 500 arter ett av de allra st\u00f6rsta tr\u00e4dsl\u00e4ktena p\u00e5 jorden. De allra flesta av de arterna h\u00f6r hemma i omr\u00e5den med utpr\u00e4glade torrperioder och ofta f\u00f6rekommande br\u00e4nder, s\u00e5 kallat medelhavsklimat. Ocks\u00e5 de allra flesta av Europas ekarter h\u00f6r hemma i medelhavsomr\u00e5det, men tv\u00e5 arter Skogsek, <em>Q. robur<\/em> (bland annat \u00e4ven kallad sommarek och stj\u00e4lkek) och Bergek, <em>Q. petraea<\/em> (\u00e4ven kallad vinterek och druvek), f\u00f6rekommer naturligt v\u00e4xande i s\u00f6dra Sverige.<\/p>\n<p>Ume\u00e5s st\u00f6rsta ek, den s\u00e5 kallade residenseken, planterades 1932 i l\u00e4nsresidensets tr\u00e4dg\u00e5rd av den tr\u00e4dintresserade landsh\u00f6vdingen Gustav Ros\u00e9n. Om man (utifr\u00e5n gamla fotografier) uppskattar att plantorna var 10-15 \u00e5r vid utplanteringen, skulle tr\u00e4det nu ha n\u00e5tt en \u00e5lder av drygt 90 \u00e5r. D\u00e5 tr\u00e4det idag \u00e4r n\u00e4rmare 20 m h\u00f6gt och har en diameter i br\u00f6sth\u00f6jd p\u00e5 90 cm (n\u00e4stan 3 m i omkrets), \u00e4r tillv\u00e4xten sannerligen inte n\u00e5got att sk\u00e4mmas f\u00f6r \u2013 inte ens med sydsvenska m\u00e5tt m\u00e4tt. Vem vet; f\u00e5r den st\u00e5 kvar och v\u00e4xa p\u00e5 sig i tusen \u00e5r till kanske den blir lika stor som Sveriges idag st\u00f6rsta ek, den s\u00e5 kallade \u201dRumskullaeken\u201d i Sm\u00e5land. Med en \u00e5lder runt 1000 \u00e5r och en br\u00f6sth\u00f6jdsdiameter \u00f6verstigande 4 m (omkrets 13,6 m) \u00e4r den sannolikt b\u00e5de Sveriges \u00e4ldsta och st\u00f6rsta tr\u00e4d.<\/p>\n<p>Mitt i ekbacken i Arboretum Norr hittar vi ocks\u00e5 omr\u00e5dets st\u00f6rsta tall. Detta tr\u00e4d \u00e4r sp\u00e4nnande inte bara f\u00f6r att det \u00e4r stort och har mycket grova grenar, det har ocks\u00e5 ett s\u00e5 kallat brandljud som ber\u00e4ttar om forna tiders br\u00e4nder i omr\u00e5det. Som de allra flesta tallarter uppvisar v\u00e5r svenska tall, <em>Pinus sylvestris<\/em>, l\u00e5ngtg\u00e5ende anpassningar till att leva i en milj\u00f6 av st\u00e4ndigt \u00e5terkommande skogsbr\u00e4nder. Grov bark som skyddar kambiet, tillv\u00e4xtzonen, fr\u00e5n d\u00f6dliga temperaturer \u00e4r en s\u00e5dan anpassning. Ibland h\u00e5lls l\u00e5gorna kvar s\u00e5 l\u00e4nge p\u00e5 n\u00e5gon sida av stammen att kambiet innanf\u00f6r \u00e4nd\u00e5 d\u00f6r i en triangelformad zon fr\u00e5n markytan och upp\u00e5t. Det levande kambiet intill skadan kommer sedan att producera ny ved som v\u00e4ller in fr\u00e5n sidorna och b\u00f6rjar t\u00e4cka, \u00f6vervalla, det skadade omr\u00e5det och ett brandljud har bildats. Hos tr\u00e4d med tunnare bark, t.ex. gran, d\u00f6das oftast kambiet runt hela stammen med f\u00f6ljd att tr\u00e4det d\u00f6r n\u00e4r det brinner.<\/p>\n","protected":false},"excerpt":{"rendered":"<p>Sj\u00e4lva Ekbacken best\u00e5r av en sluttning d\u00e4r ett fyrtioiotal ekar, Quercus robur, h\u00e4rstammande fr\u00e5n Stockholm planterades redan f\u00f6r 35 \u00e5r sedan n\u00e4r arboretet anlades. P\u00e5 grund av klimatskador, men framf\u00f6rallt p\u00e5 grund av betning och konkurrens fr\u00e5n andra tr\u00e4d har &hellip; <a href=\"https:\/\/www.arboretum-norr.se\/de\/the-arboretum-in-baggbole\/europe\/oak-woodland\/\">Continue reading <span class=\"meta-nav\">&rarr;<\/span><\/a><\/p>\n","protected":false},"author":797161,"featured_media":0,"parent":119,"menu_order":0,"comment_status":"closed","ping_status":"closed","template":"","meta":{"footnotes":""},"class_list":["post-279","page","type-page","status-publish","hentry"],"_links":{"self":[{"href":"https:\/\/www.arboretum-norr.se\/de\/wp-json\/wp\/v2\/pages\/279","targetHints":{"allow":["GET"]}}],"collection":[{"href":"https:\/\/www.arboretum-norr.se\/de\/wp-json\/wp\/v2\/pages"}],"about":[{"href":"https:\/\/www.arboretum-norr.se\/de\/wp-json\/wp\/v2\/types\/page"}],"author":[{"embeddable":true,"href":"https:\/\/www.arboretum-norr.se\/de\/wp-json\/wp\/v2\/users\/797161"}],"replies":[{"embeddable":true,"href":"https:\/\/www.arboretum-norr.se\/de\/wp-json\/wp\/v2\/comments?post=279"}],"version-history":[{"count":7,"href":"https:\/\/www.arboretum-norr.se\/de\/wp-json\/wp\/v2\/pages\/279\/revisions"}],"predecessor-version":[{"id":1133,"href":"https:\/\/www.arboretum-norr.se\/de\/wp-json\/wp\/v2\/pages\/279\/revisions\/1133"}],"up":[{"embeddable":true,"href":"https:\/\/www.arboretum-norr.se\/de\/wp-json\/wp\/v2\/pages\/119"}],"wp:attachment":[{"href":"https:\/\/www.arboretum-norr.se\/de\/wp-json\/wp\/v2\/media?parent=279"}],"curies":[{"name":"wp","href":"https:\/\/api.w.org\/{rel}","templated":true}]}}