{"id":494,"date":"2015-02-16T11:42:47","date_gmt":"2015-02-16T11:42:47","guid":{"rendered":"https:\/\/kigo.se.vkube.cloud\/?page_id=494"},"modified":"2015-03-24T09:00:35","modified_gmt":"2015-03-24T09:00:35","slug":"hemlock-hill","status":"publish","type":"page","link":"https:\/\/www.arboretum-norr.se\/de\/the-arboretum-in-baggbole\/western-north-america\/hemlock-hill\/","title":{"rendered":"Hemlock Hill"},"content":{"rendered":"<p><a href=\"https:\/\/www.arboretum-norr.se\/wp-content\/uploads\/sites\/3\/2015\/02\/Hemlockknallen.jpg\" rel=\"lightbox-0\"><img loading=\"lazy\" decoding=\"async\" class=\"alignright size-medium wp-image-495\" src=\"https:\/\/www.arboretum-norr.se\/wp-content\/uploads\/sites\/3\/2015\/02\/Hemlockknallen-225x300.jpg\" alt=\"OLYMPUS DIGITAL CAMERA\" width=\"225\" height=\"300\" srcset=\"https:\/\/www.arboretum-norr.se\/de\/wp-content\/uploads\/sites\/3\/2015\/02\/Hemlockknallen-225x300.jpg 225w, https:\/\/www.arboretum-norr.se\/de\/wp-content\/uploads\/sites\/3\/2015\/02\/Hemlockknallen-768x1024.jpg 768w, https:\/\/www.arboretum-norr.se\/de\/wp-content\/uploads\/sites\/3\/2015\/02\/Hemlockknallen.jpg 900w\" sizes=\"auto, (max-width: 225px) 100vw, 225px\" \/><\/a>Arboretets \u00e4ldsta tr\u00e4d \u201dgamla hemlocken\u201d har f\u00e5tt ge namn \u00e5t denna plats. Det \u00e4r en 90-\u00e5rig Bergshemlock (<em>Tsuga mertensiana<\/em>), som var 50 \u00e5r gammal och en meter h\u00f6g n\u00e4r den anl\u00e4nde till arboretet i b\u00f6rjan av 1980-talet.\u00a0Berghemlock \u00e4r ett barrtr\u00e4d som kan bli 30-40 m h\u00f6gt. Ofta antar den buskform. Barken \u00e4r m\u00f6rkt gr\u00e5aktig till r\u00f6dbrun. Barren, som normalt blir 10-25 mm l\u00e5nga och gr\u00e5vita, sitter i knippen fr\u00e5n skotten.<\/p>\n<p>Det normala utbredningsomr\u00e5det f\u00f6r berghemlock \u00e4r nordv\u00e4stligaste Nordamerika fr\u00e5n British Columbia och Alaska s\u00f6derut efter kusten ner till Kalifornien p\u00e5 h\u00f6ga h\u00f6jder (upp till 3000 m).<\/p>\n<p>Berghemlock \u00e5terfinns vanligen p\u00e5 kalla, sn\u00f6iga, alpina eller subalpina platser. Den v\u00e4xer l\u00e5ngsamt och man har funnit exemplar mer \u00e4n 800 \u00e5r gamla. Berghemlock v\u00e4xer p\u00e5 flesta jordar men f\u00f6redrar organiska jordar med l\u00e5gt PH-v\u00e4rde.\u00a0Exemplaret i arboretet kommer fr\u00e5n f\u00f6rs\u00f6ksplanteringen p\u00e5 fj\u00e4llet Avardo i J\u00e4mtland.\u00a0H\u00e4r v\u00e4xer hemlock tillsammans med b.la Douglasgran (<em>Pseudotsuga menziesii<\/em>), Kanadal\u00e4rk (<em>Larix laricina<\/em>) och Stickgran (<em>Picea pungens<\/em>).<\/p>\n","protected":false},"excerpt":{"rendered":"<p>Arboretets \u00e4ldsta tr\u00e4d \u201dgamla hemlocken\u201d har f\u00e5tt ge namn \u00e5t denna plats. Det \u00e4r en 90-\u00e5rig Bergshemlock (Tsuga mertensiana), som var 50 \u00e5r gammal och en meter h\u00f6g n\u00e4r den anl\u00e4nde till arboretet i b\u00f6rjan av 1980-talet.\u00a0Berghemlock \u00e4r ett barrtr\u00e4d &hellip; <a href=\"https:\/\/www.arboretum-norr.se\/de\/the-arboretum-in-baggbole\/western-north-america\/hemlock-hill\/\">Continue reading <span class=\"meta-nav\">&rarr;<\/span><\/a><\/p>\n","protected":false},"author":797161,"featured_media":0,"parent":121,"menu_order":0,"comment_status":"closed","ping_status":"closed","template":"","meta":{"footnotes":""},"class_list":["post-494","page","type-page","status-publish","hentry"],"_links":{"self":[{"href":"https:\/\/www.arboretum-norr.se\/de\/wp-json\/wp\/v2\/pages\/494","targetHints":{"allow":["GET"]}}],"collection":[{"href":"https:\/\/www.arboretum-norr.se\/de\/wp-json\/wp\/v2\/pages"}],"about":[{"href":"https:\/\/www.arboretum-norr.se\/de\/wp-json\/wp\/v2\/types\/page"}],"author":[{"embeddable":true,"href":"https:\/\/www.arboretum-norr.se\/de\/wp-json\/wp\/v2\/users\/797161"}],"replies":[{"embeddable":true,"href":"https:\/\/www.arboretum-norr.se\/de\/wp-json\/wp\/v2\/comments?post=494"}],"version-history":[{"count":6,"href":"https:\/\/www.arboretum-norr.se\/de\/wp-json\/wp\/v2\/pages\/494\/revisions"}],"predecessor-version":[{"id":1135,"href":"https:\/\/www.arboretum-norr.se\/de\/wp-json\/wp\/v2\/pages\/494\/revisions\/1135"}],"up":[{"embeddable":true,"href":"https:\/\/www.arboretum-norr.se\/de\/wp-json\/wp\/v2\/pages\/121"}],"wp:attachment":[{"href":"https:\/\/www.arboretum-norr.se\/de\/wp-json\/wp\/v2\/media?parent=494"}],"curies":[{"name":"wp","href":"https:\/\/api.w.org\/{rel}","templated":true}]}}