{"id":503,"date":"2015-02-16T11:53:46","date_gmt":"2015-02-16T11:53:46","guid":{"rendered":"https:\/\/kigo.se.vkube.cloud\/?page_id=503"},"modified":"2015-03-24T09:01:46","modified_gmt":"2015-03-24T09:01:46","slug":"silver-fir-slope","status":"publish","type":"page","link":"https:\/\/www.arboretum-norr.se\/de\/the-arboretum-in-baggbole\/western-north-america\/silver-fir-slope\/","title":{"rendered":"Silver Fir Slope"},"content":{"rendered":"<p><a href=\"https:\/\/www.arboretum-norr.se\/wp-content\/uploads\/sites\/3\/2015\/02\/Purpurgranslanten.jpg\" rel=\"lightbox-0\"><img loading=\"lazy\" decoding=\"async\" class=\"alignright wp-image-505 size-medium\" src=\"https:\/\/www.arboretum-norr.se\/wp-content\/uploads\/sites\/3\/2015\/02\/Purpurgranslanten-300x130.jpg\" alt=\"Purpurgransl\u00e4nten\" width=\"300\" height=\"130\" srcset=\"https:\/\/www.arboretum-norr.se\/de\/wp-content\/uploads\/sites\/3\/2015\/02\/Purpurgranslanten-300x130.jpg 300w, https:\/\/www.arboretum-norr.se\/de\/wp-content\/uploads\/sites\/3\/2015\/02\/Purpurgranslanten-1024x445.jpg 1024w, https:\/\/www.arboretum-norr.se\/de\/wp-content\/uploads\/sites\/3\/2015\/02\/Purpurgranslanten-500x217.jpg 500w, https:\/\/www.arboretum-norr.se\/de\/wp-content\/uploads\/sites\/3\/2015\/02\/Purpurgranslanten.jpg 1200w\" sizes=\"auto, (max-width: 300px) 100vw, 300px\" \/><\/a>Purpurgranen heter p\u00e5 latin <em>Abies amabilis<\/em> och amabilis betyder vacker, \u00e4lskv\u00e4rd. Det \u00e4r en \u00e4delgran som i sin naturliga milj\u00f6 kan bli upp till 70 m h\u00f6g. Arten kommer ursprungligen fr\u00e5n v\u00e4stra Nordamerikas kusttrakter och har sitt utbredningsomr\u00e5de fr\u00e5n s\u00f6dra delen av Alaska \u00f6ver British Columbia och Washington ner till Oregon, d\u00e4r den v\u00e4xer upp till 2000 meter \u00f6ver havet.<\/p>\n<p>Detta best\u00e5nd, som dragits upp med fr\u00f6 fr\u00e5n staten Washington (900 m \u00f6 h), har avsev\u00e4rda problem med frost och kyla, men har hittills lyckats \u00f6verleva tack vare ett skyddande sn\u00f6t\u00e4cke. Arten anses h\u00e4rdig, men dessa individer \u00e4r som synes av felaktig proveniens (=ursprung). F\u00f6r att kunna \u00f6verleva Ume\u00e5s vintrar beh\u00f6vs ist\u00e4llet individer med sitt ursprung i den nordliga delen av artens utbredningsomr\u00e5de och fr\u00e5n h\u00f6gre h\u00f6jd. Vi vet att m\u00f6jligheter finns eftersom det i Arboretum Drafle p\u00e5 Hems\u00f6 utanf\u00f6r H\u00e4rn\u00f6sand v\u00e4xer ett vackert best\u00e5nd av upp till 30 m h\u00f6ga purpurgranar som verkligen g\u00f6r sk\u00e4l f\u00f6r namnet.<br \/>\nArten har under normala omst\u00e4ndigheter en vackert pyramidformad krona med ett t\u00e4tt och regelbundet barr- och grenverk. Det \u00e4r ett popul\u00e4rt parktr\u00e4d i Amerika och \u00e4ven l\u00e4mpligt som det i v\u00e5rt land. F\u00f6r norra Sverige g\u00e4ller emellertid att hitta individer med r\u00e4tt ursprung. I hemlandet anv\u00e4nds virket till s\u00e5gtimmer och massaved. Danskarna odlar purpurgranen som pyntegr\u00f6nt, dvs material till kransar, juldekorationer och liknande.<\/p>\n","protected":false},"excerpt":{"rendered":"<p>Purpurgranen heter p\u00e5 latin Abies amabilis och amabilis betyder vacker, \u00e4lskv\u00e4rd. Det \u00e4r en \u00e4delgran som i sin naturliga milj\u00f6 kan bli upp till 70 m h\u00f6g. Arten kommer ursprungligen fr\u00e5n v\u00e4stra Nordamerikas kusttrakter och har sitt utbredningsomr\u00e5de fr\u00e5n s\u00f6dra &hellip; <a href=\"https:\/\/www.arboretum-norr.se\/de\/the-arboretum-in-baggbole\/western-north-america\/silver-fir-slope\/\">Continue reading <span class=\"meta-nav\">&rarr;<\/span><\/a><\/p>\n","protected":false},"author":797161,"featured_media":0,"parent":121,"menu_order":0,"comment_status":"closed","ping_status":"closed","template":"","meta":{"footnotes":""},"class_list":["post-503","page","type-page","status-publish","hentry"],"_links":{"self":[{"href":"https:\/\/www.arboretum-norr.se\/de\/wp-json\/wp\/v2\/pages\/503","targetHints":{"allow":["GET"]}}],"collection":[{"href":"https:\/\/www.arboretum-norr.se\/de\/wp-json\/wp\/v2\/pages"}],"about":[{"href":"https:\/\/www.arboretum-norr.se\/de\/wp-json\/wp\/v2\/types\/page"}],"author":[{"embeddable":true,"href":"https:\/\/www.arboretum-norr.se\/de\/wp-json\/wp\/v2\/users\/797161"}],"replies":[{"embeddable":true,"href":"https:\/\/www.arboretum-norr.se\/de\/wp-json\/wp\/v2\/comments?post=503"}],"version-history":[{"count":6,"href":"https:\/\/www.arboretum-norr.se\/de\/wp-json\/wp\/v2\/pages\/503\/revisions"}],"predecessor-version":[{"id":1137,"href":"https:\/\/www.arboretum-norr.se\/de\/wp-json\/wp\/v2\/pages\/503\/revisions\/1137"}],"up":[{"embeddable":true,"href":"https:\/\/www.arboretum-norr.se\/de\/wp-json\/wp\/v2\/pages\/121"}],"wp:attachment":[{"href":"https:\/\/www.arboretum-norr.se\/de\/wp-json\/wp\/v2\/media?parent=503"}],"curies":[{"name":"wp","href":"https:\/\/api.w.org\/{rel}","templated":true}]}}