{"id":510,"date":"2015-02-16T11:59:23","date_gmt":"2015-02-16T11:59:23","guid":{"rendered":"https:\/\/kigo.se.vkube.cloud\/?page_id=510"},"modified":"2015-03-26T09:56:09","modified_gmt":"2015-03-26T09:56:09","slug":"eastern-white-cedar-stand","status":"publish","type":"page","link":"https:\/\/www.arboretum-norr.se\/de\/the-arboretum-in-baggbole\/eastern-north-america\/eastern-white-cedar-stand\/","title":{"rendered":"Eastern White Cedar Stand"},"content":{"rendered":"<p><a href=\"https:\/\/www.arboretum-norr.se\/wp-content\/uploads\/sites\/3\/2015\/02\/Thujadungen.jpg\" rel=\"lightbox-0\"><img loading=\"lazy\" decoding=\"async\" class=\"alignright size-medium wp-image-511\" src=\"https:\/\/www.arboretum-norr.se\/wp-content\/uploads\/sites\/3\/2015\/02\/Thujadungen-300x152.jpg\" alt=\"Thujadungen\" width=\"300\" height=\"152\" srcset=\"https:\/\/www.arboretum-norr.se\/de\/wp-content\/uploads\/sites\/3\/2015\/02\/Thujadungen-300x152.jpg 300w, https:\/\/www.arboretum-norr.se\/de\/wp-content\/uploads\/sites\/3\/2015\/02\/Thujadungen-1024x520.jpg 1024w, https:\/\/www.arboretum-norr.se\/de\/wp-content\/uploads\/sites\/3\/2015\/02\/Thujadungen-500x254.jpg 500w, https:\/\/www.arboretum-norr.se\/de\/wp-content\/uploads\/sites\/3\/2015\/02\/Thujadungen.jpg 1200w\" sizes=\"auto, (max-width: 300px) 100vw, 300px\" \/><\/a>Den \u00f6stamerikanska tujan, <em>Thuja occidentalis<\/em> \u00e4r den mest k\u00e4nda av jordens fem tuja-arter, d\u00e5 arten mycket tidigt f\u00f6rdes \u00f6ver till Europa och, fr\u00e4mst olika pelarformiga varianter, sen l\u00e4nge har varit vanliga i v\u00e5ra tr\u00e4dg\u00e5rdar. Thuja betyder ungef\u00e4r doftande v\u00e4xt eller r\u00f6kelse. Det svenska namnet \u00e4r kort och gott \u201dtuja\u201d men ett \u00e4ldre namn var livstr\u00e4d som syftade p\u00e5 den friska gr\u00f6na f\u00e4rgen \u00e5ret runt. Utbredningsomr\u00e5det t\u00e4cker den \u00f6stra halvan av Kanada d\u00e4r den framf\u00f6rallt \u00e4r en v\u00e5tmarksart i den boreala barrskogen.<\/p>\n<p>I Sverige g\u00e5r den att odla i zon 6 i b\u00e4ttre l\u00e4gen. Hela sl\u00e4ktet <em>Thuja<\/em> h\u00f6r hemma p\u00e5 norra halvklotet och vi har fyra av de fem arterna i Arboretum Norr. Den v\u00e4stamerikanska j\u00e4ttetujan \u00e4r ett av jordens st\u00f6rsta tr\u00e4d, medan den vanliga tujan (<em>T. occidentalis<\/em>) har blygsamma 34 m som h\u00f6jdrekord i s\u00f6dra Kanada. De st\u00f6rsta exemplaren av v\u00e5ra 30-40 \u00e5riga individer, har idag en h\u00f6jd av dryga 10 m. Tujan kan bli mycket gammal, f\u00f6rmodligen upp mot 2000 \u00e5r. Det f\u00f6rekommer ocks\u00e5 spridda tuja-populationer l\u00e4ngre s\u00f6derut, l\u00e5ngt ned i \u00f6stra USA, och d\u00e5 v\u00e4xer den tillsammans med olika l\u00f6vtr\u00e4d som finns i rik f\u00f6rekomst d\u00e4r.<\/p>\n","protected":false},"excerpt":{"rendered":"<p>Den \u00f6stamerikanska tujan, Thuja occidentalis \u00e4r den mest k\u00e4nda av jordens fem tuja-arter, d\u00e5 arten mycket tidigt f\u00f6rdes \u00f6ver till Europa och, fr\u00e4mst olika pelarformiga varianter, sen l\u00e4nge har varit vanliga i v\u00e5ra tr\u00e4dg\u00e5rdar. Thuja betyder ungef\u00e4r doftande v\u00e4xt eller &hellip; <a href=\"https:\/\/www.arboretum-norr.se\/de\/the-arboretum-in-baggbole\/eastern-north-america\/eastern-white-cedar-stand\/\">Continue reading <span class=\"meta-nav\">&rarr;<\/span><\/a><\/p>\n","protected":false},"author":797161,"featured_media":0,"parent":123,"menu_order":0,"comment_status":"closed","ping_status":"closed","template":"","meta":{"footnotes":""},"class_list":["post-510","page","type-page","status-publish","hentry"],"_links":{"self":[{"href":"https:\/\/www.arboretum-norr.se\/de\/wp-json\/wp\/v2\/pages\/510","targetHints":{"allow":["GET"]}}],"collection":[{"href":"https:\/\/www.arboretum-norr.se\/de\/wp-json\/wp\/v2\/pages"}],"about":[{"href":"https:\/\/www.arboretum-norr.se\/de\/wp-json\/wp\/v2\/types\/page"}],"author":[{"embeddable":true,"href":"https:\/\/www.arboretum-norr.se\/de\/wp-json\/wp\/v2\/users\/797161"}],"replies":[{"embeddable":true,"href":"https:\/\/www.arboretum-norr.se\/de\/wp-json\/wp\/v2\/comments?post=510"}],"version-history":[{"count":6,"href":"https:\/\/www.arboretum-norr.se\/de\/wp-json\/wp\/v2\/pages\/510\/revisions"}],"predecessor-version":[{"id":1175,"href":"https:\/\/www.arboretum-norr.se\/de\/wp-json\/wp\/v2\/pages\/510\/revisions\/1175"}],"up":[{"embeddable":true,"href":"https:\/\/www.arboretum-norr.se\/de\/wp-json\/wp\/v2\/pages\/123"}],"wp:attachment":[{"href":"https:\/\/www.arboretum-norr.se\/de\/wp-json\/wp\/v2\/media?parent=510"}],"curies":[{"name":"wp","href":"https:\/\/api.w.org\/{rel}","templated":true}]}}