{"id":514,"date":"2015-02-16T12:02:48","date_gmt":"2015-02-16T12:02:48","guid":{"rendered":"https:\/\/kigo.se.vkube.cloud\/?page_id=514"},"modified":"2015-03-24T09:08:29","modified_gmt":"2015-03-24T09:08:29","slug":"meadow-woodlands","status":"publish","type":"page","link":"https:\/\/www.arboretum-norr.se\/de\/the-arboretum-in-baggbole\/eastern-north-america\/meadow-woodlands\/","title":{"rendered":"Meadow Woodlands"},"content":{"rendered":"<p><a href=\"https:\/\/www.arboretum-norr.se\/wp-content\/uploads\/sites\/3\/2015\/02\/Lovangarna.jpg\" rel=\"lightbox-0\"><img loading=\"lazy\" decoding=\"async\" class=\"alignright size-medium wp-image-515\" src=\"https:\/\/www.arboretum-norr.se\/wp-content\/uploads\/sites\/3\/2015\/02\/Lovangarna-300x225.jpg\" alt=\"L\u00f6v\u00e4ngarna\" width=\"300\" height=\"225\" srcset=\"https:\/\/www.arboretum-norr.se\/de\/wp-content\/uploads\/sites\/3\/2015\/02\/Lovangarna-300x225.jpg 300w, https:\/\/www.arboretum-norr.se\/de\/wp-content\/uploads\/sites\/3\/2015\/02\/Lovangarna-1024x768.jpg 1024w, https:\/\/www.arboretum-norr.se\/de\/wp-content\/uploads\/sites\/3\/2015\/02\/Lovangarna-400x300.jpg 400w, https:\/\/www.arboretum-norr.se\/de\/wp-content\/uploads\/sites\/3\/2015\/02\/Lovangarna.jpg 1200w\" sizes=\"auto, (max-width: 300px) 100vw, 300px\" \/><\/a>I de nedre delarna av sluttningen, utmed cykelv\u00e4gen som g\u00e5r igenom arboretet, har vi samlat m\u00e5nga av \u00f6stra Nordamerikas l\u00f6vtr\u00e4dsarter i en plats som \u00e4r d\u00f6pt till \u201d\u00d6stra Nordamerikas L\u00f6v\u00e4ngar\u201d. Det \u00e4r en spektakul\u00e4r plats att str\u00f6va i p\u00e5 v\u00e5ren, men \u00e4ven p\u00e5 h\u00f6sten f\u00f6r f\u00e4rgpraktens skull. P\u00e5 v\u00e5ren \u00e4r det sv\u00e5rt att f\u00f6rst\u00e5 hur Silverl\u00f6nnen, Acer saccharinum, har f\u00e5tt sitt svenska namn, men p\u00e5 h\u00f6sten n\u00e4r den v\u00e4nder upp de silvergr\u00f6na bladundersidorna \u00e4r det desto tydligare. Det latinska artepitetet \u201d<em>saccharinum<\/em>\u201d betyder s\u00f6t och gavs av Linn\u00e9 f\u00f6r att han trodde att det var denna art man anv\u00e4nde f\u00f6r att producera den v\u00e4lsmakande l\u00f6nnsirapen. Det \u00e4r dock en annan art, sockerl\u00f6nn, som anv\u00e4nds i detta syfte. S\u00e5 n\u00e4r Linn\u00e9 fick se denna art och fick erk\u00e4nna sitt misstag fick den det mycket snarlika namnet med samma betydelse; \u201d<em>saccharum<\/em>\u201d. I hemlandet blir sockerl\u00f6nnen ett stort tr\u00e4d p\u00e5 30 m eller mer och det s\u00e5gas g\u00e4rna f\u00f6r det vackra virkets skull. V\u00e5ra exemplar \u00e4r dock inte s\u00e5 gamla \u00e4nnu.<\/p>\n<p>Ett annat storvuxet tr\u00e4d med vackra h\u00f6stf\u00e4rger \u00e4r r\u00f6deken, <em>Quercus rubra<\/em>. De \u00e4ldsta exemplaren vi har av denna art har nu n\u00e5tt \u00f6ver 15 m. Av r\u00f6dek och silverl\u00f6nn, s\u00e5v\u00e4l som amerikansk alm, <em>Ulmus americana<\/em> och r\u00f6dask, <em>Fraxinus pensylvanica<\/em> finner ni mig veterligt norra Sveriges st\u00f6rsta best\u00e5nd och de st\u00f6rsta exemplaren i \u00f6stra Nordamerikas l\u00f6v\u00e4ngar i Arboretum Norr.<\/p>\n<p>Precis som i verkligheten finns det allts\u00e5 ett \u00f6stra och ett v\u00e4stra Nordamerika i Arboretum Norr och precis som i verklighetens USA \u00e5tskiljs de av stora gr\u00e4smarker. I v\u00e5rt fall \u00e4r det dock en \u00e5rligen sl\u00e5ttrad \u00e4ngsmark som f\u00e5r symbolisera den Nordamerikanska pr\u00e4rien. Korsar man den gr\u00e4smarken hamnar man i v\u00e4stra Nordamerika.<\/p>\n","protected":false},"excerpt":{"rendered":"<p>I de nedre delarna av sluttningen, utmed cykelv\u00e4gen som g\u00e5r igenom arboretet, har vi samlat m\u00e5nga av \u00f6stra Nordamerikas l\u00f6vtr\u00e4dsarter i en plats som \u00e4r d\u00f6pt till \u201d\u00d6stra Nordamerikas L\u00f6v\u00e4ngar\u201d. Det \u00e4r en spektakul\u00e4r plats att str\u00f6va i p\u00e5 v\u00e5ren, &hellip; <a href=\"https:\/\/www.arboretum-norr.se\/de\/the-arboretum-in-baggbole\/eastern-north-america\/meadow-woodlands\/\">Continue reading <span class=\"meta-nav\">&rarr;<\/span><\/a><\/p>\n","protected":false},"author":797161,"featured_media":0,"parent":123,"menu_order":0,"comment_status":"closed","ping_status":"closed","template":"","meta":{"footnotes":""},"class_list":["post-514","page","type-page","status-publish","hentry"],"_links":{"self":[{"href":"https:\/\/www.arboretum-norr.se\/de\/wp-json\/wp\/v2\/pages\/514","targetHints":{"allow":["GET"]}}],"collection":[{"href":"https:\/\/www.arboretum-norr.se\/de\/wp-json\/wp\/v2\/pages"}],"about":[{"href":"https:\/\/www.arboretum-norr.se\/de\/wp-json\/wp\/v2\/types\/page"}],"author":[{"embeddable":true,"href":"https:\/\/www.arboretum-norr.se\/de\/wp-json\/wp\/v2\/users\/797161"}],"replies":[{"embeddable":true,"href":"https:\/\/www.arboretum-norr.se\/de\/wp-json\/wp\/v2\/comments?post=514"}],"version-history":[{"count":4,"href":"https:\/\/www.arboretum-norr.se\/de\/wp-json\/wp\/v2\/pages\/514\/revisions"}],"predecessor-version":[{"id":1142,"href":"https:\/\/www.arboretum-norr.se\/de\/wp-json\/wp\/v2\/pages\/514\/revisions\/1142"}],"up":[{"embeddable":true,"href":"https:\/\/www.arboretum-norr.se\/de\/wp-json\/wp\/v2\/pages\/123"}],"wp:attachment":[{"href":"https:\/\/www.arboretum-norr.se\/de\/wp-json\/wp\/v2\/media?parent=514"}],"curies":[{"name":"wp","href":"https:\/\/api.w.org\/{rel}","templated":true}]}}