{"id":518,"date":"2015-02-16T12:07:24","date_gmt":"2015-02-16T12:07:24","guid":{"rendered":"https:\/\/kigo.se.vkube.cloud\/?page_id=518"},"modified":"2015-03-20T12:27:34","modified_gmt":"2015-03-20T12:27:34","slug":"balsam-firs","status":"publish","type":"page","link":"https:\/\/www.arboretum-norr.se\/de\/the-arboretum-in-baggbole\/eastern-north-america\/balsam-firs\/","title":{"rendered":"Balsam Firs"},"content":{"rendered":"<p><a href=\"https:\/\/www.arboretum-norr.se\/wp-content\/uploads\/sites\/3\/2015\/02\/Balsamgranbestandet.jpg\" rel=\"lightbox-0\"><img loading=\"lazy\" decoding=\"async\" class=\"alignright wp-image-520\" src=\"https:\/\/www.arboretum-norr.se\/wp-content\/uploads\/sites\/3\/2015\/02\/Balsamgranbestandet-149x300.jpg\" alt=\"Balsamgranbest\u00e5ndet\" width=\"193\" height=\"390\" srcset=\"https:\/\/www.arboretum-norr.se\/de\/wp-content\/uploads\/sites\/3\/2015\/02\/Balsamgranbestandet-149x300.jpg 149w, https:\/\/www.arboretum-norr.se\/de\/wp-content\/uploads\/sites\/3\/2015\/02\/Balsamgranbestandet-507x1024.jpg 507w, https:\/\/www.arboretum-norr.se\/de\/wp-content\/uploads\/sites\/3\/2015\/02\/Balsamgranbestandet.jpg 594w\" sizes=\"auto, (max-width: 193px) 100vw, 193px\" \/><\/a>Balsamgranen kommer fr\u00e5n Nordamerika och har ett stort \u00f6st-v\u00e4stligt utbredningsomr\u00e5de i framf\u00f6rallt Kanada. Arten v\u00e4xer relativt l\u00e5ngsamt och blir s\u00e4llan gammal p\u00e5 grund av r\u00f6tskador. I Sverige blir tr\u00e4det 15-20 m h\u00f6gt med en \u00e5rlig tillv\u00e4xt p\u00e5 ca 15 cm. V\u00e4xts\u00e4ttet \u00e4r k\u00e4gelformat med regelbundna grenkransar. Kottarna \u00e4r uppr\u00e4ttst\u00e5ende och f\u00f6re mognaden starkt violettr\u00f6da.\u00a0Balsamgranen trivs b\u00e4st i n\u00e5got fuktig jord och anses i Sverige vara h\u00e4rdig till och med zon V.<\/p>\n<p>Artepitetet \u201d<em>balsamea<\/em>\u201d s\u00e5v\u00e4l som det svenska namnet, syftar p\u00e5 den rikligt f\u00f6rekommande och doftande k\u00e5dan. K\u00e5dan \u00e4r l\u00e4tt \u00e5tkomlig i de stora barkbl\u00e5sorna p\u00e5 stammarna och tappades f\u00f6rr och saluf\u00f6rdes. K\u00e5dan som kallades \u201dKanadabalsam\u201d anv\u00e4ndes f\u00f6r sammanlimning av linserna i optiska instrument och f\u00f6r inb\u00e4ddning av preparat f\u00f6r mikroskopstudier och var en viktig exportprodukt f\u00f6r Kanada. I Kanada \u00e4r arten ocks\u00e5 ett viktigt massavedstr\u00e4d beroende p\u00e5 att den f\u00f6rekommer i s\u00e5 stor m\u00e4ngd. Dessutom \u00e4r det den popul\u00e4raste julgransarten i Nordamerika. De platta skotten med de l\u00e5nga, sk\u00f6ra barren vinkelr\u00e4ta mot skottaxeln \u00e4r bra k\u00e4nnetecken f\u00f6r balsamgranen.<br \/>\nBalsamgranen \u00e4r dock inget snabbv\u00e4xande tr\u00e4d, de stora Balsamgranarna i arboretet \u00e4r uppdragna fr\u00e5n fr\u00f6 sk\u00f6rdat 1978 i Arboretum Mustila, Finland. Dessa \u00e4r ca 15m h\u00f6ga i dagsl\u00e4get, medan dom mindre som \u00e4r flyttade fr\u00e5n SLU f\u00f6rs\u00f6ksstation i \u00d6jebyn 2014 bara \u00e4r ett par meter h\u00f6ga.<\/p>\n","protected":false},"excerpt":{"rendered":"<p>Balsamgranen kommer fr\u00e5n Nordamerika och har ett stort \u00f6st-v\u00e4stligt utbredningsomr\u00e5de i framf\u00f6rallt Kanada. Arten v\u00e4xer relativt l\u00e5ngsamt och blir s\u00e4llan gammal p\u00e5 grund av r\u00f6tskador. I Sverige blir tr\u00e4det 15-20 m h\u00f6gt med en \u00e5rlig tillv\u00e4xt p\u00e5 ca 15 cm. &hellip; <a href=\"https:\/\/www.arboretum-norr.se\/de\/the-arboretum-in-baggbole\/eastern-north-america\/balsam-firs\/\">Continue reading <span class=\"meta-nav\">&rarr;<\/span><\/a><\/p>\n","protected":false},"author":797161,"featured_media":0,"parent":123,"menu_order":0,"comment_status":"closed","ping_status":"closed","template":"","meta":{"footnotes":""},"class_list":["post-518","page","type-page","status-publish","hentry"],"_links":{"self":[{"href":"https:\/\/www.arboretum-norr.se\/de\/wp-json\/wp\/v2\/pages\/518","targetHints":{"allow":["GET"]}}],"collection":[{"href":"https:\/\/www.arboretum-norr.se\/de\/wp-json\/wp\/v2\/pages"}],"about":[{"href":"https:\/\/www.arboretum-norr.se\/de\/wp-json\/wp\/v2\/types\/page"}],"author":[{"embeddable":true,"href":"https:\/\/www.arboretum-norr.se\/de\/wp-json\/wp\/v2\/users\/797161"}],"replies":[{"embeddable":true,"href":"https:\/\/www.arboretum-norr.se\/de\/wp-json\/wp\/v2\/comments?post=518"}],"version-history":[{"count":5,"href":"https:\/\/www.arboretum-norr.se\/de\/wp-json\/wp\/v2\/pages\/518\/revisions"}],"predecessor-version":[{"id":1067,"href":"https:\/\/www.arboretum-norr.se\/de\/wp-json\/wp\/v2\/pages\/518\/revisions\/1067"}],"up":[{"embeddable":true,"href":"https:\/\/www.arboretum-norr.se\/de\/wp-json\/wp\/v2\/pages\/123"}],"wp:attachment":[{"href":"https:\/\/www.arboretum-norr.se\/de\/wp-json\/wp\/v2\/media?parent=518"}],"curies":[{"name":"wp","href":"https:\/\/api.w.org\/{rel}","templated":true}]}}