{"id":525,"date":"2015-02-16T12:10:49","date_gmt":"2015-02-16T12:10:49","guid":{"rendered":"https:\/\/kigo.se.vkube.cloud\/?page_id=525"},"modified":"2015-03-20T12:26:38","modified_gmt":"2015-03-20T12:26:38","slug":"fern-valley","status":"publish","type":"page","link":"https:\/\/www.arboretum-norr.se\/de\/the-arboretum-in-baggbole\/eastern-north-america\/fern-valley\/","title":{"rendered":"Fern Valley"},"content":{"rendered":"<p><a href=\"https:\/\/www.arboretum-norr.se\/wp-content\/uploads\/sites\/3\/2015\/02\/Ormbunksdalen.jpg\" rel=\"lightbox-0\"><img loading=\"lazy\" decoding=\"async\" class=\"alignright size-medium wp-image-526\" src=\"https:\/\/www.arboretum-norr.se\/wp-content\/uploads\/sites\/3\/2015\/02\/Ormbunksdalen-260x300.jpg\" alt=\"Ormbunksdalen\" width=\"260\" height=\"300\" srcset=\"https:\/\/www.arboretum-norr.se\/de\/wp-content\/uploads\/sites\/3\/2015\/02\/Ormbunksdalen-260x300.jpg 260w, https:\/\/www.arboretum-norr.se\/de\/wp-content\/uploads\/sites\/3\/2015\/02\/Ormbunksdalen-889x1024.jpg 889w, https:\/\/www.arboretum-norr.se\/de\/wp-content\/uploads\/sites\/3\/2015\/02\/Ormbunksdalen.jpg 1200w\" sizes=\"auto, (max-width: 260px) 100vw, 260px\" \/><\/a>I den nedre (s\u00f6dra) delen av \u00f6stra Nordamerika i arboretet l\u00f6per en mycket b\u00f6rdig ravin nedf\u00f6r sl\u00e4nten. Marken \u00e4r h\u00e4r n\u00e4stan helt t\u00e4ckt av strutbr\u00e4ken, <em>Matteuccia struthiopteris<\/em>. Det \u00e4r faktiskt inte s\u00e5 dumt att dessa stora best\u00e5nd av strutbr\u00e4ken finns just i denna del av arboretet, d\u00e5 arten har en cirkumpol\u00e4r utbredning och \u00e4r mycket vanlig i just \u00f6stra Nordamerika. Visserligen r\u00f6r det sig om en annan varietet (var. <em>pensylvanica<\/em>), men skillnaden \u00e4r ytterst marginell. Hur som helst en mycket vacker v\u00e4xt med de meterh\u00f6ga skirt gr\u00f6na strutarna.<\/p>\n<p>Ett \u00e4ldre svenskt namn p\u00e5 v\u00e4xten var foderbr\u00e4ken d\u00e5 den, d\u00e4r den har varit vanligt f\u00f6rekommande, har anv\u00e4nts som foder till kreaturen. Den g\u00e5r ocks\u00e5 bra att koka eller woka och \u00e4ta sj\u00e4lv och i \u00e5r uts\u00e5gs arten till \u00e5rets \u00e4tliga perenn!<\/p>\n","protected":false},"excerpt":{"rendered":"<p>I den nedre (s\u00f6dra) delen av \u00f6stra Nordamerika i arboretet l\u00f6per en mycket b\u00f6rdig ravin nedf\u00f6r sl\u00e4nten. Marken \u00e4r h\u00e4r n\u00e4stan helt t\u00e4ckt av strutbr\u00e4ken, Matteuccia struthiopteris. Det \u00e4r faktiskt inte s\u00e5 dumt att dessa stora best\u00e5nd av strutbr\u00e4ken finns &hellip; <a href=\"https:\/\/www.arboretum-norr.se\/de\/the-arboretum-in-baggbole\/eastern-north-america\/fern-valley\/\">Continue reading <span class=\"meta-nav\">&rarr;<\/span><\/a><\/p>\n","protected":false},"author":797161,"featured_media":0,"parent":123,"menu_order":0,"comment_status":"closed","ping_status":"closed","template":"","meta":{"footnotes":""},"class_list":["post-525","page","type-page","status-publish","hentry"],"_links":{"self":[{"href":"https:\/\/www.arboretum-norr.se\/de\/wp-json\/wp\/v2\/pages\/525","targetHints":{"allow":["GET"]}}],"collection":[{"href":"https:\/\/www.arboretum-norr.se\/de\/wp-json\/wp\/v2\/pages"}],"about":[{"href":"https:\/\/www.arboretum-norr.se\/de\/wp-json\/wp\/v2\/types\/page"}],"author":[{"embeddable":true,"href":"https:\/\/www.arboretum-norr.se\/de\/wp-json\/wp\/v2\/users\/797161"}],"replies":[{"embeddable":true,"href":"https:\/\/www.arboretum-norr.se\/de\/wp-json\/wp\/v2\/comments?post=525"}],"version-history":[{"count":5,"href":"https:\/\/www.arboretum-norr.se\/de\/wp-json\/wp\/v2\/pages\/525\/revisions"}],"predecessor-version":[{"id":1066,"href":"https:\/\/www.arboretum-norr.se\/de\/wp-json\/wp\/v2\/pages\/525\/revisions\/1066"}],"up":[{"embeddable":true,"href":"https:\/\/www.arboretum-norr.se\/de\/wp-json\/wp\/v2\/pages\/123"}],"wp:attachment":[{"href":"https:\/\/www.arboretum-norr.se\/de\/wp-json\/wp\/v2\/media?parent=525"}],"curies":[{"name":"wp","href":"https:\/\/api.w.org\/{rel}","templated":true}]}}