{"id":529,"date":"2015-02-16T12:14:13","date_gmt":"2015-02-16T12:14:13","guid":{"rendered":"https:\/\/kigo.se.vkube.cloud\/?page_id=529"},"modified":"2015-03-20T12:39:26","modified_gmt":"2015-03-20T12:39:26","slug":"siberian-larch","status":"publish","type":"page","link":"https:\/\/www.arboretum-norr.se\/de\/the-arboretum-in-baggbole\/siberia\/siberian-larch\/","title":{"rendered":"Siberian Larch"},"content":{"rendered":"<p><a href=\"https:\/\/www.arboretum-norr.se\/wp-content\/uploads\/sites\/3\/2015\/02\/Sibirska-larkar.jpg\" rel=\"lightbox-0\"><img loading=\"lazy\" decoding=\"async\" class=\"alignright size-medium wp-image-530\" src=\"https:\/\/www.arboretum-norr.se\/wp-content\/uploads\/sites\/3\/2015\/02\/Sibirska-larkar-195x300.jpg\" alt=\"Sibiriska l\u00e4rkar\" width=\"195\" height=\"300\" srcset=\"https:\/\/www.arboretum-norr.se\/de\/wp-content\/uploads\/sites\/3\/2015\/02\/Sibirska-larkar-195x300.jpg 195w, https:\/\/www.arboretum-norr.se\/de\/wp-content\/uploads\/sites\/3\/2015\/02\/Sibirska-larkar-666x1024.jpg 666w, https:\/\/www.arboretum-norr.se\/de\/wp-content\/uploads\/sites\/3\/2015\/02\/Sibirska-larkar.jpg 781w\" sizes=\"auto, (max-width: 195px) 100vw, 195px\" \/><\/a>Sibirisk l\u00e4rk fanns tidigare i de nu nedlagda f\u00f6rs\u00f6ksplanteringarna p\u00e5 R\u00f6b\u00e4cksdalen. D\u00e4r stod 10 st t\u00e4tt planterade 30-\u00e5riga l\u00e4rkar, <em>Larix sibirica<\/em>, h\u00e4rstammande fr\u00e5n centrala Sibirien, i h\u00f6jder mellan 15 och 18 m. Trots att f\u00f6retaget k\u00e4ndes ytterst os\u00e4kert gr\u00e4vde vi upp tre av dessa och fraktade dem till arboretet i Baggb\u00f6le under spektakul\u00e4ra former 2011.<\/p>\n<p>Nu ett par \u00e5r senare lever de fortfarande, men \u00e4n \u00e4r det nog f\u00f6r tidigt att andas ut. Av tidigare erfarenheter vet vi att det \u00e4r sv\u00e5rare att lyckas med flytt av barrtr\u00e4d \u00e4n av l\u00f6vtr\u00e4d och vi hoppas att den l\u00f6vf\u00e4llande l\u00e4rken skall vara mer som ett l\u00f6vtr\u00e4d vad g\u00e4ller detta. I det vilda etableras l\u00e4rkar ofta efter skogsbrand. D\u00e4rf\u00f6r har vi \u00e4ven planterat l\u00e4rk p\u00e5 ett hygge som \u00e4r t\u00e4nkt att efterlikna ett brandf\u00e4lt, med stora m\u00e4ngder d\u00f6da tr\u00e4d och d\u00f6d ved, i n\u00e4rheten av de stora hitflyttade l\u00e4rkarna. Tillv\u00e4xten \u00e4r god. P\u00e5 tv\u00e5 vegetationss\u00e4songer har l\u00e4rkplantorna mer \u00e4n f\u00f6rdubblat sin storlek.<\/p>\n","protected":false},"excerpt":{"rendered":"<p>Sibirisk l\u00e4rk fanns tidigare i de nu nedlagda f\u00f6rs\u00f6ksplanteringarna p\u00e5 R\u00f6b\u00e4cksdalen. D\u00e4r stod 10 st t\u00e4tt planterade 30-\u00e5riga l\u00e4rkar, Larix sibirica, h\u00e4rstammande fr\u00e5n centrala Sibirien, i h\u00f6jder mellan 15 och 18 m. Trots att f\u00f6retaget k\u00e4ndes ytterst os\u00e4kert gr\u00e4vde vi &hellip; <a href=\"https:\/\/www.arboretum-norr.se\/de\/the-arboretum-in-baggbole\/siberia\/siberian-larch\/\">Continue reading <span class=\"meta-nav\">&rarr;<\/span><\/a><\/p>\n","protected":false},"author":797161,"featured_media":0,"parent":125,"menu_order":0,"comment_status":"closed","ping_status":"closed","template":"","meta":{"footnotes":""},"class_list":["post-529","page","type-page","status-publish","hentry"],"_links":{"self":[{"href":"https:\/\/www.arboretum-norr.se\/de\/wp-json\/wp\/v2\/pages\/529","targetHints":{"allow":["GET"]}}],"collection":[{"href":"https:\/\/www.arboretum-norr.se\/de\/wp-json\/wp\/v2\/pages"}],"about":[{"href":"https:\/\/www.arboretum-norr.se\/de\/wp-json\/wp\/v2\/types\/page"}],"author":[{"embeddable":true,"href":"https:\/\/www.arboretum-norr.se\/de\/wp-json\/wp\/v2\/users\/797161"}],"replies":[{"embeddable":true,"href":"https:\/\/www.arboretum-norr.se\/de\/wp-json\/wp\/v2\/comments?post=529"}],"version-history":[{"count":4,"href":"https:\/\/www.arboretum-norr.se\/de\/wp-json\/wp\/v2\/pages\/529\/revisions"}],"predecessor-version":[{"id":1071,"href":"https:\/\/www.arboretum-norr.se\/de\/wp-json\/wp\/v2\/pages\/529\/revisions\/1071"}],"up":[{"embeddable":true,"href":"https:\/\/www.arboretum-norr.se\/de\/wp-json\/wp\/v2\/pages\/125"}],"wp:attachment":[{"href":"https:\/\/www.arboretum-norr.se\/de\/wp-json\/wp\/v2\/media?parent=529"}],"curies":[{"name":"wp","href":"https:\/\/api.w.org\/{rel}","templated":true}]}}