{"id":615,"date":"2015-02-17T17:20:59","date_gmt":"2015-02-17T17:20:59","guid":{"rendered":"https:\/\/kigo.se.vkube.cloud\/?page_id=615"},"modified":"2015-03-31T12:48:04","modified_gmt":"2015-03-31T12:48:04","slug":"the-pond","status":"publish","type":"page","link":"https:\/\/www.arboretum-norr.se\/de\/the-arboretum-in-baggbole\/kvarnangen\/the-pond\/","title":{"rendered":"The Pond"},"content":{"rendered":"<div id=\"attachment_1225\" style=\"width: 594px\" class=\"wp-caption aligncenter\"><a href=\"https:\/\/www.arboretum-norr.se\/wp-content\/uploads\/sites\/3\/2015\/02\/Dammen-mot-apellunden-pa-varen.jpg\" rel=\"lightbox-0\"><img loading=\"lazy\" decoding=\"async\" aria-describedby=\"caption-attachment-1225\" class=\"wp-image-1225 size-large\" src=\"https:\/\/www.arboretum-norr.se\/wp-content\/uploads\/sites\/3\/2015\/02\/Dammen-mot-apellunden-pa-varen-1024x768.jpg\" alt=\"\" width=\"584\" height=\"438\" \/><\/a><p id=\"caption-attachment-1225\" class=\"wp-caption-text\">Utsikt over dammen och Apellunden p\u00e5 f\u00f6rsommaren.<\/p><\/div>\n<p><span style=\"line-height: 115%; font-family: 'Times New Roman','serif'; font-size: 12pt;\"><span style=\"color: #000000;\">Vintern 1993\/94 schaktades delar av en gammal timmerflottningskanal ur och omvandlades till en avl\u00e5ng damm. Runt dammen har planterats ett antal arter med tonvikt p\u00e5 vacker blomning,\u00a0till exemel skapades &#8220;Apellunden&#8221;\u00a0med flera asiatiska\u00a0aplar (<em>Malus spp<\/em>.)\u00a0i nord\u00f6stra \u00e4nden av dammen. Runt dammen planterades ocks\u00e5 successivt tr\u00e4d med anknytning till vatten, s\u00e5 som olika sorters pilar och klibbal. I vattenlinjen har sv\u00e4rdslilja planterats. <\/span><\/span><\/p>\n<div id=\"attachment_1226\" style=\"width: 410px\" class=\"wp-caption alignleft\"><a href=\"https:\/\/www.arboretum-norr.se\/wp-content\/uploads\/sites\/3\/2015\/02\/Malus-sargentii-i-Apellunden.jpg\" rel=\"lightbox-1\"><img loading=\"lazy\" decoding=\"async\" aria-describedby=\"caption-attachment-1226\" class=\"wp-image-1226\" title=\"Klicka f\u00f6r att f\u00f6rstora\" src=\"https:\/\/www.arboretum-norr.se\/wp-content\/uploads\/sites\/3\/2015\/02\/Malus-sargentii-i-Apellunden-300x225.jpg\" alt=\"\" width=\"400\" height=\"300\" \/><\/a><p id=\"caption-attachment-1226\" class=\"wp-caption-text\"><em>Malus sargentii<\/em> i Apellunden i full blomning .<\/p><\/div>\n<div id=\"attachment_1227\" style=\"width: 210px\" class=\"wp-caption alignright\"><a href=\"https:\/\/www.arboretum-norr.se\/wp-content\/uploads\/sites\/3\/2015\/02\/Roda-banken.jpg\" rel=\"lightbox-2\"><img loading=\"lazy\" decoding=\"async\" aria-describedby=\"caption-attachment-1227\" class=\"wp-image-1227\" title=\"Klicka f\u00f6r att f\u00f6rstora\" src=\"https:\/\/www.arboretum-norr.se\/wp-content\/uploads\/sites\/3\/2015\/02\/Roda-banken-266x300.jpg\" alt=\"\" width=\"200\" height=\"226\" \/><\/a><p id=\"caption-attachment-1227\" class=\"wp-caption-text\">&#8220;R\u00f6da b\u00e4nken&#8221; runt en gammal r\u00f6nn p\u00e5 s\u00f6dra sidan av dammen. Till v\u00e4nster i bilden en amerikansk alm (<em>Ulmus americana<\/em>) fr\u00e5n Visconsin i USA. Till h\u00f6ger en stor klibbal (<em>Alnus glutinosa<\/em>) fr\u00e5n Skelleftehamn och en mindre svartask (<em>Fraxinus nigra<\/em>) fr\u00e5n Kanada.<\/p><\/div>\n<p>Tyv\u00e4rr har vattenspegeln mer och mer tagits over av vegetation under de senaste \u00e5ren och ett av v\u00e5ra kommande project med h\u00f6g prioritet \u00e4r att f\u00f6rs\u00f6ka gr\u00e4va ur eller p\u00e5 annat s\u00e4tt \u00f6ka vattendjupet i dammen.<\/p>\n<div id=\"attachment_1233\" style=\"width: 594px\" class=\"wp-caption aligncenter\"><a href=\"https:\/\/www.arboretum-norr.se\/wp-content\/uploads\/sites\/3\/2015\/02\/Nattgammal-is.jpg\" rel=\"lightbox-3\"><img loading=\"lazy\" decoding=\"async\" aria-describedby=\"caption-attachment-1233\" class=\"wp-image-1233 size-large\" title=\"Klicka f\u00f6r att f\u00f6rstora\" src=\"https:\/\/www.arboretum-norr.se\/wp-content\/uploads\/sites\/3\/2015\/02\/Nattgammal-is-1024x754.jpg\" alt=\"\" width=\"584\" height=\"430\" \/><\/a><p id=\"caption-attachment-1233\" class=\"wp-caption-text\">Nattgammal is p\u00e5 dammen genom bladverket av en oxel (<em>Sorbus intermedia<\/em>)<\/p><\/div>\n<p>&nbsp;<\/p>\n","protected":false},"excerpt":{"rendered":"<p>Vintern 1993\/94 schaktades delar av en gammal timmerflottningskanal ur och omvandlades till en avl\u00e5ng damm. Runt dammen har planterats ett antal arter med tonvikt p\u00e5 vacker blomning,\u00a0till exemel skapades &#8220;Apellunden&#8221;\u00a0med flera asiatiska\u00a0aplar (Malus spp.)\u00a0i nord\u00f6stra \u00e4nden av dammen. Runt dammen &hellip; <a href=\"https:\/\/www.arboretum-norr.se\/de\/the-arboretum-in-baggbole\/kvarnangen\/the-pond\/\">Continue reading <span class=\"meta-nav\">&rarr;<\/span><\/a><\/p>\n","protected":false},"author":797161,"featured_media":0,"parent":127,"menu_order":0,"comment_status":"closed","ping_status":"closed","template":"","meta":{"footnotes":""},"class_list":["post-615","page","type-page","status-publish","hentry"],"_links":{"self":[{"href":"https:\/\/www.arboretum-norr.se\/de\/wp-json\/wp\/v2\/pages\/615","targetHints":{"allow":["GET"]}}],"collection":[{"href":"https:\/\/www.arboretum-norr.se\/de\/wp-json\/wp\/v2\/pages"}],"about":[{"href":"https:\/\/www.arboretum-norr.se\/de\/wp-json\/wp\/v2\/types\/page"}],"author":[{"embeddable":true,"href":"https:\/\/www.arboretum-norr.se\/de\/wp-json\/wp\/v2\/users\/797161"}],"replies":[{"embeddable":true,"href":"https:\/\/www.arboretum-norr.se\/de\/wp-json\/wp\/v2\/comments?post=615"}],"version-history":[{"count":5,"href":"https:\/\/www.arboretum-norr.se\/de\/wp-json\/wp\/v2\/pages\/615\/revisions"}],"predecessor-version":[{"id":1185,"href":"https:\/\/www.arboretum-norr.se\/de\/wp-json\/wp\/v2\/pages\/615\/revisions\/1185"}],"up":[{"embeddable":true,"href":"https:\/\/www.arboretum-norr.se\/de\/wp-json\/wp\/v2\/pages\/127"}],"wp:attachment":[{"href":"https:\/\/www.arboretum-norr.se\/de\/wp-json\/wp\/v2\/media?parent=615"}],"curies":[{"name":"wp","href":"https:\/\/api.w.org\/{rel}","templated":true}]}}