{"id":617,"date":"2015-02-17T17:23:11","date_gmt":"2015-02-17T17:23:11","guid":{"rendered":"https:\/\/kigo.se.vkube.cloud\/?page_id=617"},"modified":"2015-03-31T12:49:01","modified_gmt":"2015-03-31T12:49:01","slug":"blue-bench-area","status":"publish","type":"page","link":"https:\/\/www.arboretum-norr.se\/de\/the-arboretum-in-baggbole\/kvarnangen\/blue-bench-area\/","title":{"rendered":"Blue Bench Area"},"content":{"rendered":"<p><a href=\"https:\/\/www.arboretum-norr.se\/wp-content\/uploads\/sites\/3\/2015\/02\/Bla-banken1.jpg\" rel=\"lightbox-0\"><img loading=\"lazy\" decoding=\"async\" class=\"aligncenter wp-image-1241 size-large\" title=\"Klicka f\u00f6r att f\u00f6rstora\" src=\"https:\/\/www.arboretum-norr.se\/wp-content\/uploads\/sites\/3\/2015\/02\/Bla-banken1-1024x768.jpg\" alt=\"\" width=\"584\" height=\"438\" \/><\/a><\/p>\n<p>&nbsp;<\/p>\n<p>De inre delarna av Kvarn\u00e4ngen var f\u00f6r inte s\u00e5 l\u00e4nge sedan v\u00e4ldigt igenvuxet och sv\u00e5rframkomligt. Inte minst hade omr\u00e5dets ungerska syr\u00e9ner spritt sig v\u00e4ldigt och bildade sv\u00e5rforcerade buskage, \u00f6verskottsvatten fr\u00e5n sl\u00e4nten ovanf\u00f6r hade gjort marken bl\u00f6t och vattensjuk o.s.v.<\/p>\n<p>2009 inleddes omfattande huggnings och r\u00f6jningsarbeten p\u00e5 platsen och sommarjobbande ungdomar sattes p\u00e5 att gr\u00e4va diken l\u00e4ngs kanten till Sibirien som nu h\u00f6ll p\u00e5 att v\u00e4xa fram ovanf\u00f6r Kvarn\u00e4ngen. F\u00f6r att g\u00f6ra omr\u00e5det mer l\u00e4ttsk\u00f6tt och m\u00f6jligt att sl\u00e5 med gr\u00e4sklippare gick vi vidare med markarbeten d\u00e4r marken j\u00e4mnades och f\u00f6rs\u00e5gs med matjord s\u00e5 att gr\u00e4sytor kunde anl\u00e4ggas. Omfattande nyplanteringar har ocks\u00e5 skett i omr\u00e5det under de senaste \u00e5ren.<\/p>\n<div id=\"attachment_1242\" style=\"width: 277px\" class=\"wp-caption alignleft\"><a href=\"https:\/\/www.arboretum-norr.se\/wp-content\/uploads\/sites\/3\/2015\/02\/Bla-banken-under-uppforande.jpg\" rel=\"lightbox-1\"><img loading=\"lazy\" decoding=\"async\" aria-describedby=\"caption-attachment-1242\" class=\"wp-image-1242\" title=\"Klicka f\u00f6r att f\u00f6rstora\" src=\"https:\/\/www.arboretum-norr.se\/wp-content\/uploads\/sites\/3\/2015\/02\/Bla-banken-under-uppforande-300x225.jpg\" alt=\"\" width=\"267\" height=\"200\" \/><\/a><p id=\"caption-attachment-1242\" class=\"wp-caption-text\">Bakgrunden till Bl\u00e5 b\u00e4nken \u00e4r att en massa tegel fr\u00e5n de arbetarbost\u00e4der som l\u00e5g p\u00e5 platsen under s\u00e5gverksepoken i mitten av 1800-talet, hittades i marken n\u00e4r vi gr\u00e4vde diken. Mikael \u00d6hman (bilden) fick id\u00e9n att g\u00f6ra en stens\u00e4ttning av dem runt en av de stora pilarna vi just r\u00f6jt fram.<\/p><\/div>\n<div id=\"attachment_1243\" style=\"width: 351px\" class=\"wp-caption alignright\"><a href=\"https:\/\/www.arboretum-norr.se\/wp-content\/uploads\/sites\/3\/2015\/02\/Allmanhetens-arbetsdag.jpg\" rel=\"lightbox-2\"><img loading=\"lazy\" decoding=\"async\" aria-describedby=\"caption-attachment-1243\" class=\"wp-image-1243\" title=\"Klicka f\u00f6r att f\u00f6rstora\" src=\"https:\/\/www.arboretum-norr.se\/wp-content\/uploads\/sites\/3\/2015\/02\/Allmanhetens-arbetsdag-300x176.jpg\" alt=\"Allmanhetens arbetsdag\" width=\"341\" height=\"200\" \/><\/a><p id=\"caption-attachment-1243\" class=\"wp-caption-text\">Alm\u00e4nhetens arbetsdag h\u00f6sten 2011.<\/p><\/div>\n<p>&nbsp;<\/p>\n<p>&nbsp;<\/p>\n<p>&nbsp;<\/p>\n<p>&nbsp;<\/p>\n<p>&nbsp;<\/p>\n<p>&nbsp;<\/p>\n<p>&nbsp;<\/p>\n<p>&nbsp;<\/p>\n<hr class=\"readmoreDivider\" \/>\n<p>D\u00e5 allt arbete av h\u00e4nsyn till de planterade tr\u00e4den f\u00e5tt ske manuellt har det lagts ned \u00e5tskilliga arbetstimmar i detta omr\u00e5de. Mestadels \u00e4r det flera \u00e5rskullar av sommarjobbande sexton\u00e5ringar som Ume\u00e5 kommun v\u00e4lvilligt st\u00e4llt till v\u00e5rt f\u00f6rfogande, som har bidragit med muskelkraften, men vi vill ocks\u00e5 rikta v\u00e5rt varma tack till medlemmar i v\u00e5r v\u00e4nf\u00f6rening som ocks\u00e5 har lagt mycket tid p\u00e5 detta projekt.<\/p>\n<div id=\"attachment_1244\" style=\"width: 350px\" class=\"wp-caption alignleft\"><a href=\"https:\/\/www.arboretum-norr.se\/wp-content\/uploads\/sites\/3\/2015\/02\/smultrongran.jpg\" rel=\"lightbox-3\"><img loading=\"lazy\" decoding=\"async\" aria-describedby=\"caption-attachment-1244\" class=\"wp-image-1244\" title=\"Klicka f\u00f6r att f\u00f6rstora\" src=\"https:\/\/www.arboretum-norr.se\/wp-content\/uploads\/sites\/3\/2015\/02\/smultrongran-300x276.jpg\" alt=\"smultrongran\" width=\"340\" height=\"312\" \/><\/a><p id=\"caption-attachment-1244\" class=\"wp-caption-text\">I f\u00f6rgrunden syns smultrongranens (<em>Picea abies<\/em> &#8216;Cruenta&#8217;) r\u00f6da \u00e5rsskott tillsammans med en Forsythia &#8216;Northern Gold&#8217; (<em>Forsythia europaea \u00d7 ovata<\/em>) och i bakgrunden n\u00e5gra av v\u00e5r h\u00e4nggranar (<em>Picea abies f. pendula<\/em>).<\/p><\/div>\n<div id=\"attachment_1245\" style=\"width: 268px\" class=\"wp-caption alignright\"><a href=\"https:\/\/www.arboretum-norr.se\/wp-content\/uploads\/sites\/3\/2015\/02\/gullgran.jpg\" rel=\"lightbox-4\"><img loading=\"lazy\" decoding=\"async\" aria-describedby=\"caption-attachment-1245\" class=\"wp-image-1245\" title=\"Klicka f\u00f6r att f\u00f6rstora\" src=\"https:\/\/www.arboretum-norr.se\/wp-content\/uploads\/sites\/3\/2015\/02\/gullgran-248x300.jpg\" alt=\"gullgran\" width=\"258\" height=\"312\" \/><\/a><p id=\"caption-attachment-1245\" class=\"wp-caption-text\">Gullgranen (<em>Picea abies &#8216;Aurea&#8217;<\/em>) f\u00f6rgyller arboretet med sina guldgula skott under 3-4 veckor varje v\u00e5r.<\/p><\/div>\n<p>&nbsp;<\/p>\n<p>&nbsp;<\/p>\n<p>&nbsp;<\/p>\n<p>&nbsp;<\/p>\n<p>&nbsp;<\/p>\n<p>Idag \u00e4r omr\u00e5det runt \u201dBl\u00e5 b\u00e4nken\u201d ett av de allra vackraste och popul\u00e4raste i arboretet. De dominerande tr\u00e4den \u00e4r silverpilarna (<em>Salix alba var. sericea<\/em>) som \u00a035 \u00e5r efter groning har n\u00e5tt en h\u00f6jd av ca 20 m och stamdiametrar av upp till 50 cm i br\u00f6sth\u00f6jd. Det \u00e4r ocks\u00e5 runt en av dessa som sj\u00e4lva den bl\u00e5 b\u00e4nken har byggts. I detta omr\u00e5de finns ocks\u00e5 huvuddelen av v\u00e5r samling av olika avvikande och s\u00e4rpr\u00e4glade granformer (mutationer av v\u00e5r vanliga gran <em>Picea abies<\/em>, se bilder och bildtexter).<\/p>\n<div id=\"attachment_1246\" style=\"width: 594px\" class=\"wp-caption aligncenter\"><a href=\"https:\/\/www.arboretum-norr.se\/wp-content\/uploads\/sites\/3\/2015\/02\/granar.jpg\" rel=\"lightbox-5\"><img loading=\"lazy\" decoding=\"async\" aria-describedby=\"caption-attachment-1246\" class=\"wp-image-1246 size-large\" title=\"Klicka f\u00f6r att f\u00f6rstora\" src=\"https:\/\/www.arboretum-norr.se\/wp-content\/uploads\/sites\/3\/2015\/02\/granar-1024x768.jpg\" alt=\"granar\" width=\"584\" height=\"438\" \/><\/a><p id=\"caption-attachment-1246\" class=\"wp-caption-text\">Kvarn\u00e4ngen ett par veckor in i juni m\u00e5nad. V\u00e5r nordh\u00e4gg (<em>Prunus padus ssp. borealis <\/em>&#8216;Laila&#8217;) st\u00e5r i full blom, gullgranen \u00e4r fortfarande t\u00e4ckt av gula skott medan smultrongranen till v\u00e4nster n\u00e4stan har \u00e5terg\u00e5tt till sin normala gr\u00f6na f\u00e4rg.<\/p><\/div>\n<p>&nbsp;<\/p>\n<p>.<\/p>\n<p>&nbsp;<\/p>\n","protected":false},"excerpt":{"rendered":"<p>&nbsp; De inre delarna av Kvarn\u00e4ngen var f\u00f6r inte s\u00e5 l\u00e4nge sedan v\u00e4ldigt igenvuxet och sv\u00e5rframkomligt. Inte minst hade omr\u00e5dets ungerska syr\u00e9ner spritt sig v\u00e4ldigt och bildade sv\u00e5rforcerade buskage, \u00f6verskottsvatten fr\u00e5n sl\u00e4nten ovanf\u00f6r hade gjort marken bl\u00f6t och vattensjuk o.s.v. &hellip; <a href=\"https:\/\/www.arboretum-norr.se\/de\/the-arboretum-in-baggbole\/kvarnangen\/blue-bench-area\/\">Continue reading <span class=\"meta-nav\">&rarr;<\/span><\/a><\/p>\n","protected":false},"author":797161,"featured_media":0,"parent":127,"menu_order":0,"comment_status":"closed","ping_status":"closed","template":"","meta":{"footnotes":""},"class_list":["post-617","page","type-page","status-publish","hentry"],"_links":{"self":[{"href":"https:\/\/www.arboretum-norr.se\/de\/wp-json\/wp\/v2\/pages\/617","targetHints":{"allow":["GET"]}}],"collection":[{"href":"https:\/\/www.arboretum-norr.se\/de\/wp-json\/wp\/v2\/pages"}],"about":[{"href":"https:\/\/www.arboretum-norr.se\/de\/wp-json\/wp\/v2\/types\/page"}],"author":[{"embeddable":true,"href":"https:\/\/www.arboretum-norr.se\/de\/wp-json\/wp\/v2\/users\/797161"}],"replies":[{"embeddable":true,"href":"https:\/\/www.arboretum-norr.se\/de\/wp-json\/wp\/v2\/comments?post=617"}],"version-history":[{"count":7,"href":"https:\/\/www.arboretum-norr.se\/de\/wp-json\/wp\/v2\/pages\/617\/revisions"}],"predecessor-version":[{"id":1186,"href":"https:\/\/www.arboretum-norr.se\/de\/wp-json\/wp\/v2\/pages\/617\/revisions\/1186"}],"up":[{"embeddable":true,"href":"https:\/\/www.arboretum-norr.se\/de\/wp-json\/wp\/v2\/pages\/127"}],"wp:attachment":[{"href":"https:\/\/www.arboretum-norr.se\/de\/wp-json\/wp\/v2\/media?parent=617"}],"curies":[{"name":"wp","href":"https:\/\/api.w.org\/{rel}","templated":true}]}}