{"id":625,"date":"2015-02-17T17:28:42","date_gmt":"2015-02-17T17:28:42","guid":{"rendered":"https:\/\/kigo.se.vkube.cloud\/?page_id=625"},"modified":"2015-03-24T11:15:30","modified_gmt":"2015-03-24T11:15:30","slug":"pear-tree-garden","status":"publish","type":"page","link":"https:\/\/www.arboretum-norr.se\/de\/the-arboretum-in-baggbole\/east-asia\/pear-tree-garden\/","title":{"rendered":"Pear Tree Garden"},"content":{"rendered":"<div id=\"attachment_1027\" style=\"width: 594px\" class=\"wp-caption aligncenter\"><a href=\"https:\/\/www.arboretum-norr.se\/wp-content\/uploads\/sites\/3\/2015\/02\/106.jpg\" rel=\"lightbox-0\"><img loading=\"lazy\" decoding=\"async\" aria-describedby=\"caption-attachment-1027\" class=\"wp-image-1027 size-large\" src=\"https:\/\/www.arboretum-norr.se\/wp-content\/uploads\/sites\/3\/2015\/02\/106-1024x768.jpg\" alt=\"\" width=\"584\" height=\"438\" \/><\/a><p id=\"caption-attachment-1027\" class=\"wp-caption-text\">The Pear Tree Garden is the first to greet visitors into our East Asian part of the arboretum<\/p><\/div>\n<div id=\"attachment_1033\" style=\"width: 234px\" class=\"wp-caption alignleft\"><a href=\"https:\/\/www.arboretum-norr.se\/wp-content\/uploads\/sites\/3\/2015\/02\/Pyrus_vers1.jpg\" rel=\"lightbox-1\"><img loading=\"lazy\" decoding=\"async\" aria-describedby=\"caption-attachment-1033\" class=\"wp-image-1033 size-medium\" title=\"Klicka f\u00f6r att f\u00f6rstora\" src=\"https:\/\/www.arboretum-norr.se\/wp-content\/uploads\/sites\/3\/2015\/02\/Pyrus_vers1-224x300.jpg\" alt=\"\" width=\"224\" height=\"300\" \/><\/a><p id=\"caption-attachment-1033\" class=\"wp-caption-text\">Manchurian pear tree, <em>Pyrus ussuriensis<\/em><\/p><\/div>\n<p>Right below Baggb\u00f6le manor you will find the Pear Tree Garden, it has got its name from the manchurian pear trees, <em>Pyrus ussuriensis,<\/em>\u00a0that were planted here in the middle of the 1980s. The pear trees are very decorative with their early bloom (in the middle of may) with simple, big, white flowers. In the autumn they produce a lot of yellowgreen pear fruits\u00a0which are edible but taste to bitter to be truly enjoyed<\/p>\n<p>Over the last couple of years a lot of amur chokecherry trees, <i>Prunus maackii<\/i>, have self-sowed on the slopes between the pear trees and the manors sheep pen. The parents of these trees is located about 40 m away from the site. When those trees were planted in the mid 1980s the species were\u00a0relatively unknown in the northern part of Sweden but as of late it has become one of the most common trees in Ume\u00e5s parks and gardens. The young trees have a remarkable growth and are already a couple of meters high, closely together in a self-sowed stand they make a unique and exotic impression.<\/p>\n<div id=\"attachment_1032\" style=\"width: 310px\" class=\"wp-caption alignright\"><a href=\"https:\/\/www.arboretum-norr.se\/wp-content\/uploads\/sites\/3\/2015\/02\/Juglans-1024x768.jpg\" rel=\"lightbox-2\"><img loading=\"lazy\" decoding=\"async\" aria-describedby=\"caption-attachment-1032\" class=\"wp-image-1032 size-medium\" title=\"Klicka f\u00f6r att f\u00f6rstora\" src=\"https:\/\/www.arboretum-norr.se\/wp-content\/uploads\/sites\/3\/2015\/02\/Juglans-300x225.jpg\" alt=\"\" width=\"300\" height=\"225\" \/><\/a><p id=\"caption-attachment-1032\" class=\"wp-caption-text\">Manchurian walnut, <em>Juglans mandshurica<\/em> in the foreground and amur chokecherry, <em>Prunus maackii<\/em>, in the background.\u00a0Both species have a pretty yellow autumn color.<\/p><\/div>\n<p>Complementing this exotic touch with their big leaves we also have manchurian walnut, <em>Juglans mandshurica<\/em> and manchurian ash, <em>Fraxinus mandshurica, <\/em>which also are fast growers.<\/p>\n<p>Another recent favourite is the korean mountain-ash, <em>Sorbus alnifolia<\/em>, with a lovely bloom with small white flowers in spring which then produces beautiful red fruits in the autumn. According to most nursery\u2019s plant descriptions these plants belong to hardiness zone III. Our six individuals with heights up to 6-7 m, were 25 year old when they were moved in 2011 from an old disused research station in R\u00f6b\u00e4cksdalen in Ume\u00e5. (Read more about the research from the station and Sweden\u2019s largest tree moving company).<\/p>\n<p>&nbsp;<\/p>\n<div id=\"attachment_1034\" style=\"width: 594px\" class=\"wp-caption aligncenter\"><a href=\"https:\/\/www.arboretum-norr.se\/wp-content\/uploads\/sites\/3\/2015\/02\/kamtjatkahagtorn.jpg\" rel=\"lightbox-3\"><img loading=\"lazy\" decoding=\"async\" aria-describedby=\"caption-attachment-1034\" class=\"wp-image-1034 size-large\" title=\"Klicka f\u00f6r att f\u00f6rstora\" src=\"https:\/\/www.arboretum-norr.se\/wp-content\/uploads\/sites\/3\/2015\/02\/kamtjatkahagtorn-1024x643.jpg\" alt=\"kamtjatkahagtorn\" width=\"584\" height=\"367\" \/><\/a><p id=\"caption-attachment-1034\" class=\"wp-caption-text\">Chlorosarca hawthorn, <em>Crataegus chlorosarca<\/em> in red autumn colors. Manchurian pear tree, <em>Pyrus ussuriensis<\/em>, to the right and you can see a yellowgreen manchurian ash in the background, <em>Fraxinus mandshurica<\/em>.<\/p><\/div>\n","protected":false},"excerpt":{"rendered":"<p>Right below Baggb\u00f6le manor you will find the Pear Tree Garden, it has got its name from the manchurian pear trees, Pyrus ussuriensis,\u00a0that were planted here in the middle of the 1980s. The pear trees are very decorative with their &hellip; <a href=\"https:\/\/www.arboretum-norr.se\/de\/the-arboretum-in-baggbole\/east-asia\/pear-tree-garden\/\">Continue reading <span class=\"meta-nav\">&rarr;<\/span><\/a><\/p>\n","protected":false},"author":797161,"featured_media":0,"parent":129,"menu_order":0,"comment_status":"closed","ping_status":"closed","template":"","meta":{"footnotes":""},"class_list":["post-625","page","type-page","status-publish","hentry"],"_links":{"self":[{"href":"https:\/\/www.arboretum-norr.se\/de\/wp-json\/wp\/v2\/pages\/625","targetHints":{"allow":["GET"]}}],"collection":[{"href":"https:\/\/www.arboretum-norr.se\/de\/wp-json\/wp\/v2\/pages"}],"about":[{"href":"https:\/\/www.arboretum-norr.se\/de\/wp-json\/wp\/v2\/types\/page"}],"author":[{"embeddable":true,"href":"https:\/\/www.arboretum-norr.se\/de\/wp-json\/wp\/v2\/users\/797161"}],"replies":[{"embeddable":true,"href":"https:\/\/www.arboretum-norr.se\/de\/wp-json\/wp\/v2\/comments?post=625"}],"version-history":[{"count":14,"href":"https:\/\/www.arboretum-norr.se\/de\/wp-json\/wp\/v2\/pages\/625\/revisions"}],"predecessor-version":[{"id":1157,"href":"https:\/\/www.arboretum-norr.se\/de\/wp-json\/wp\/v2\/pages\/625\/revisions\/1157"}],"up":[{"embeddable":true,"href":"https:\/\/www.arboretum-norr.se\/de\/wp-json\/wp\/v2\/pages\/129"}],"wp:attachment":[{"href":"https:\/\/www.arboretum-norr.se\/de\/wp-json\/wp\/v2\/media?parent=625"}],"curies":[{"name":"wp","href":"https:\/\/api.w.org\/{rel}","templated":true}]}}