{"id":754,"date":"2015-02-20T14:17:01","date_gmt":"2015-02-20T14:17:01","guid":{"rendered":"https:\/\/kigo.se.vkube.cloud\/?page_id=754"},"modified":"2015-02-20T14:21:19","modified_gmt":"2015-02-20T14:21:19","slug":"japanska-tradgarden-vaxer-fram","status":"publish","type":"page","link":"https:\/\/www.arboretum-norr.se\/de\/the-arboretum-in-baggbole\/japanese-garden\/japanska-tradgarden-vaxer-fram\/","title":{"rendered":"Japanska tr\u00e4dg\u00e5rden v\u00e4xer fram"},"content":{"rendered":"<p>Text om Japanska tr\u00e4dg\u00e5rden v\u00e4xer fram \u2013 en kort historik.<\/p>\n","protected":false},"excerpt":{"rendered":"<p>Text om Japanska tr\u00e4dg\u00e5rden v\u00e4xer fram \u2013 en kort historik.<\/p>\n","protected":false},"author":797161,"featured_media":0,"parent":242,"menu_order":0,"comment_status":"closed","ping_status":"closed","template":"","meta":{"footnotes":""},"class_list":["post-754","page","type-page","status-publish","hentry"],"_links":{"self":[{"href":"https:\/\/www.arboretum-norr.se\/de\/wp-json\/wp\/v2\/pages\/754","targetHints":{"allow":["GET"]}}],"collection":[{"href":"https:\/\/www.arboretum-norr.se\/de\/wp-json\/wp\/v2\/pages"}],"about":[{"href":"https:\/\/www.arboretum-norr.se\/de\/wp-json\/wp\/v2\/types\/page"}],"author":[{"embeddable":true,"href":"https:\/\/www.arboretum-norr.se\/de\/wp-json\/wp\/v2\/users\/797161"}],"replies":[{"embeddable":true,"href":"https:\/\/www.arboretum-norr.se\/de\/wp-json\/wp\/v2\/comments?post=754"}],"version-history":[{"count":2,"href":"https:\/\/www.arboretum-norr.se\/de\/wp-json\/wp\/v2\/pages\/754\/revisions"}],"predecessor-version":[{"id":757,"href":"https:\/\/www.arboretum-norr.se\/de\/wp-json\/wp\/v2\/pages\/754\/revisions\/757"}],"up":[{"embeddable":true,"href":"https:\/\/www.arboretum-norr.se\/de\/wp-json\/wp\/v2\/pages\/242"}],"wp:attachment":[{"href":"https:\/\/www.arboretum-norr.se\/de\/wp-json\/wp\/v2\/media?parent=754"}],"curies":[{"name":"wp","href":"https:\/\/api.w.org\/{rel}","templated":true}]}}