{"id":2137,"date":"2026-02-04T09:11:49","date_gmt":"2026-02-04T09:11:49","guid":{"rendered":"https:\/\/www.arboretum-norr.se\/en\/?page_id=2137"},"modified":"2026-02-04T10:14:29","modified_gmt":"2026-02-04T10:14:29","slug":"the-forest-of-the-future","status":"publish","type":"page","link":"https:\/\/www.arboretum-norr.se\/en\/the-forest-of-the-future\/","title":{"rendered":"The Forest of the Future"},"content":{"rendered":"\n<p><strong>-a demonstration of urban forestry<\/strong><\/p>\n\n\n\n<p>Next to the Campus Arboretum, on the north side of the SLU building, you will find \u2018The Forest of the Future\u2019. Starting with a self-seeded young forest that had grown up after clear-cutting twenty years earlier, in 1990 a group of forestry researchers led by Jan Falck cleared no fewer than 12 different plots, which were given names such as the willow forest, the rowan forest, the children&#8217;s forest and the dog&#8217;s forest. By selectively saving certain tree species and varying the number of stems, they created large differences between the various plots, and today it can be difficult to understand that they all originate from the same self-regenerated young forest. Take the opportunity to have a look.<\/p>\n\n\n\n<p><\/p>\n\n\n\n<figure class=\"wp-block-gallery columns-3 is-cropped wp-block-gallery-1 is-layout-flex wp-block-gallery-is-layout-flex\"><ul class=\"blocks-gallery-grid\"><li class=\"blocks-gallery-item\"><figure><a href=\"\/wp-content\/uploads\/sites\/4\/2026\/02\/1.R\u00f6nnskogen-beskuren.jpg\" rel=\"lightbox-0\"><img loading=\"lazy\" decoding=\"async\" width=\"1024\" height=\"726\" src=\"\/wp-content\/uploads\/sites\/4\/2026\/02\/1.R\u00f6nnskogen-beskuren-1024x726.jpg\" alt=\"\" data-id=\"2143\" data-full-url=\"\/wp-content\/uploads\/sites\/4\/2026\/02\/1.R\u00f6nnskogen-beskuren.jpg\" data-link=\"https:\/\/www.arboretum-norr.se\/en\/the-forest-of-the-future\/1-ronnskogen-beskuren\/\" class=\"wp-image-2143\" srcset=\"\/wp-content\/uploads\/sites\/4\/2026\/02\/1.R\u00f6nnskogen-beskuren-1024x726.jpg 1024w, \/wp-content\/uploads\/sites\/4\/2026\/02\/1.R\u00f6nnskogen-beskuren-300x213.jpg 300w, \/wp-content\/uploads\/sites\/4\/2026\/02\/1.R\u00f6nnskogen-beskuren-768x545.jpg 768w, \/wp-content\/uploads\/sites\/4\/2026\/02\/1.R\u00f6nnskogen-beskuren-423x300.jpg 423w, \/wp-content\/uploads\/sites\/4\/2026\/02\/1.R\u00f6nnskogen-beskuren.jpg 1342w\" sizes=\"auto, (max-width: 1024px) 100vw, 1024px\" \/><\/a><figcaption class=\"blocks-gallery-item__caption\">The Rowan Forest<\/figcaption><\/figure><\/li><li class=\"blocks-gallery-item\"><figure><a href=\"\/wp-content\/uploads\/sites\/4\/2026\/02\/2.Barnens-skog-beskuren.jpg\" rel=\"lightbox-1\"><img loading=\"lazy\" decoding=\"async\" width=\"1024\" height=\"721\" src=\"\/wp-content\/uploads\/sites\/4\/2026\/02\/2.Barnens-skog-beskuren-1024x721.jpg\" alt=\"\" data-id=\"2144\" data-full-url=\"\/wp-content\/uploads\/sites\/4\/2026\/02\/2.Barnens-skog-beskuren.jpg\" data-link=\"https:\/\/www.arboretum-norr.se\/en\/the-forest-of-the-future\/2-barnens-skog-beskuren\/\" class=\"wp-image-2144\" srcset=\"\/wp-content\/uploads\/sites\/4\/2026\/02\/2.Barnens-skog-beskuren-1024x721.jpg 1024w, \/wp-content\/uploads\/sites\/4\/2026\/02\/2.Barnens-skog-beskuren-300x211.jpg 300w, \/wp-content\/uploads\/sites\/4\/2026\/02\/2.Barnens-skog-beskuren-768x540.jpg 768w, \/wp-content\/uploads\/sites\/4\/2026\/02\/2.Barnens-skog-beskuren-426x300.jpg 426w, \/wp-content\/uploads\/sites\/4\/2026\/02\/2.Barnens-skog-beskuren.jpg 1370w\" sizes=\"auto, (max-width: 1024px) 100vw, 1024px\" \/><\/a><figcaption class=\"blocks-gallery-item__caption\">The Children\u00b4s Forest<\/figcaption><\/figure><\/li><li class=\"blocks-gallery-item\"><figure><a href=\"\/wp-content\/uploads\/sites\/4\/2026\/02\/3.Gl\u00e4ntan-beskuren.jpg\" rel=\"lightbox-2\"><img loading=\"lazy\" decoding=\"async\" width=\"1024\" height=\"730\" src=\"\/wp-content\/uploads\/sites\/4\/2026\/02\/3.Gl\u00e4ntan-beskuren-1024x730.jpg\" alt=\"\" data-id=\"2145\" data-full-url=\"\/wp-content\/uploads\/sites\/4\/2026\/02\/3.Gl\u00e4ntan-beskuren.jpg\" data-link=\"https:\/\/www.arboretum-norr.se\/en\/the-forest-of-the-future\/3-glantan-beskuren\/\" class=\"wp-image-2145\" srcset=\"\/wp-content\/uploads\/sites\/4\/2026\/02\/3.Gl\u00e4ntan-beskuren-1024x730.jpg 1024w, \/wp-content\/uploads\/sites\/4\/2026\/02\/3.Gl\u00e4ntan-beskuren-300x214.jpg 300w, \/wp-content\/uploads\/sites\/4\/2026\/02\/3.Gl\u00e4ntan-beskuren-768x547.jpg 768w, \/wp-content\/uploads\/sites\/4\/2026\/02\/3.Gl\u00e4ntan-beskuren-421x300.jpg 421w, \/wp-content\/uploads\/sites\/4\/2026\/02\/3.Gl\u00e4ntan-beskuren.jpg 1370w\" sizes=\"auto, (max-width: 1024px) 100vw, 1024px\" \/><\/a><figcaption class=\"blocks-gallery-item__caption\">The Tree Glades<\/figcaption><\/figure><\/li><li class=\"blocks-gallery-item\"><figure><a href=\"\/wp-content\/uploads\/sites\/4\/2026\/02\/4.Tall-i-pelarsal-beskuren.jpg\" rel=\"lightbox-3\"><img loading=\"lazy\" decoding=\"async\" width=\"1024\" height=\"722\" src=\"\/wp-content\/uploads\/sites\/4\/2026\/02\/4.Tall-i-pelarsal-beskuren-1024x722.jpg\" alt=\"\" data-id=\"2146\" data-full-url=\"\/wp-content\/uploads\/sites\/4\/2026\/02\/4.Tall-i-pelarsal-beskuren.jpg\" data-link=\"https:\/\/www.arboretum-norr.se\/en\/the-forest-of-the-future\/4-tall-i-pelarsal-beskuren\/\" class=\"wp-image-2146\" srcset=\"\/wp-content\/uploads\/sites\/4\/2026\/02\/4.Tall-i-pelarsal-beskuren-1024x722.jpg 1024w, \/wp-content\/uploads\/sites\/4\/2026\/02\/4.Tall-i-pelarsal-beskuren-300x212.jpg 300w, \/wp-content\/uploads\/sites\/4\/2026\/02\/4.Tall-i-pelarsal-beskuren-768x542.jpg 768w, \/wp-content\/uploads\/sites\/4\/2026\/02\/4.Tall-i-pelarsal-beskuren-425x300.jpg 425w, \/wp-content\/uploads\/sites\/4\/2026\/02\/4.Tall-i-pelarsal-beskuren.jpg 1350w\" sizes=\"auto, (max-width: 1024px) 100vw, 1024px\" \/><\/a><figcaption class=\"blocks-gallery-item__caption\">The Heigh Forest-like Pine Forest<\/figcaption><\/figure><\/li><li class=\"blocks-gallery-item\"><figure><a href=\"\/wp-content\/uploads\/sites\/4\/2026\/02\/5.Den-or\u00f6rda-skogen-beskuren.jpg\" rel=\"lightbox-4\"><img loading=\"lazy\" decoding=\"async\" width=\"1024\" height=\"771\" src=\"\/wp-content\/uploads\/sites\/4\/2026\/02\/5.Den-or\u00f6rda-skogen-beskuren-1024x771.jpg\" alt=\"\" data-id=\"2147\" data-full-url=\"\/wp-content\/uploads\/sites\/4\/2026\/02\/5.Den-or\u00f6rda-skogen-beskuren.jpg\" data-link=\"https:\/\/www.arboretum-norr.se\/en\/the-forest-of-the-future\/5-den-ororda-skogen-beskuren\/\" class=\"wp-image-2147\" srcset=\"\/wp-content\/uploads\/sites\/4\/2026\/02\/5.Den-or\u00f6rda-skogen-beskuren-1024x771.jpg 1024w, \/wp-content\/uploads\/sites\/4\/2026\/02\/5.Den-or\u00f6rda-skogen-beskuren-300x226.jpg 300w, \/wp-content\/uploads\/sites\/4\/2026\/02\/5.Den-or\u00f6rda-skogen-beskuren-768x579.jpg 768w, \/wp-content\/uploads\/sites\/4\/2026\/02\/5.Den-or\u00f6rda-skogen-beskuren-398x300.jpg 398w, \/wp-content\/uploads\/sites\/4\/2026\/02\/5.Den-or\u00f6rda-skogen-beskuren.jpg 1354w\" sizes=\"auto, (max-width: 1024px) 100vw, 1024px\" \/><\/a><figcaption class=\"blocks-gallery-item__caption\">The Untended Forest<\/figcaption><\/figure><\/li><li class=\"blocks-gallery-item\"><figure><a href=\"\/wp-content\/uploads\/sites\/4\/2026\/02\/6.Blandskogen-beskuren.jpg\" rel=\"lightbox-5\"><img loading=\"lazy\" decoding=\"async\" width=\"1024\" height=\"830\" src=\"\/wp-content\/uploads\/sites\/4\/2026\/02\/6.Blandskogen-beskuren-1024x830.jpg\" alt=\"\" data-id=\"2148\" data-full-url=\"\/wp-content\/uploads\/sites\/4\/2026\/02\/6.Blandskogen-beskuren.jpg\" data-link=\"https:\/\/www.arboretum-norr.se\/en\/the-forest-of-the-future\/6-blandskogen-beskuren\/\" class=\"wp-image-2148\" srcset=\"\/wp-content\/uploads\/sites\/4\/2026\/02\/6.Blandskogen-beskuren-1024x830.jpg 1024w, \/wp-content\/uploads\/sites\/4\/2026\/02\/6.Blandskogen-beskuren-300x243.jpg 300w, \/wp-content\/uploads\/sites\/4\/2026\/02\/6.Blandskogen-beskuren-768x623.jpg 768w, \/wp-content\/uploads\/sites\/4\/2026\/02\/6.Blandskogen-beskuren-370x300.jpg 370w, \/wp-content\/uploads\/sites\/4\/2026\/02\/6.Blandskogen-beskuren.jpg 1280w\" sizes=\"auto, (max-width: 1024px) 100vw, 1024px\" \/><\/a><figcaption class=\"blocks-gallery-item__caption\">The Mixed Forest<\/figcaption><\/figure><\/li><li class=\"blocks-gallery-item\"><figure><a href=\"\/wp-content\/uploads\/sites\/4\/2026\/02\/7.Hundskogen-beskuren.jpg\" rel=\"lightbox-6\"><img loading=\"lazy\" decoding=\"async\" width=\"1024\" height=\"699\" src=\"\/wp-content\/uploads\/sites\/4\/2026\/02\/7.Hundskogen-beskuren-1024x699.jpg\" alt=\"\" data-id=\"2149\" data-full-url=\"\/wp-content\/uploads\/sites\/4\/2026\/02\/7.Hundskogen-beskuren.jpg\" data-link=\"https:\/\/www.arboretum-norr.se\/en\/the-forest-of-the-future\/7-hundskogen-beskuren\/\" class=\"wp-image-2149\" srcset=\"\/wp-content\/uploads\/sites\/4\/2026\/02\/7.Hundskogen-beskuren-1024x699.jpg 1024w, \/wp-content\/uploads\/sites\/4\/2026\/02\/7.Hundskogen-beskuren-300x205.jpg 300w, \/wp-content\/uploads\/sites\/4\/2026\/02\/7.Hundskogen-beskuren-768x524.jpg 768w, \/wp-content\/uploads\/sites\/4\/2026\/02\/7.Hundskogen-beskuren-440x300.jpg 440w, \/wp-content\/uploads\/sites\/4\/2026\/02\/7.Hundskogen-beskuren.jpg 1372w\" sizes=\"auto, (max-width: 1024px) 100vw, 1024px\" \/><\/a><figcaption class=\"blocks-gallery-item__caption\">The &#8220;Walk The Dog&#8221; Forest<\/figcaption><\/figure><\/li><li class=\"blocks-gallery-item\"><figure><a href=\"\/wp-content\/uploads\/sites\/4\/2026\/02\/8.Bj\u00f6rkskogen-beskuren.jpg\" rel=\"lightbox-7\"><img loading=\"lazy\" decoding=\"async\" width=\"1024\" height=\"719\" src=\"\/wp-content\/uploads\/sites\/4\/2026\/02\/8.Bj\u00f6rkskogen-beskuren-1024x719.jpg\" alt=\"\" data-id=\"2150\" data-full-url=\"\/wp-content\/uploads\/sites\/4\/2026\/02\/8.Bj\u00f6rkskogen-beskuren.jpg\" data-link=\"https:\/\/www.arboretum-norr.se\/en\/the-forest-of-the-future\/8-bjorkskogen-beskuren\/\" class=\"wp-image-2150\" srcset=\"\/wp-content\/uploads\/sites\/4\/2026\/02\/8.Bj\u00f6rkskogen-beskuren-1024x719.jpg 1024w, \/wp-content\/uploads\/sites\/4\/2026\/02\/8.Bj\u00f6rkskogen-beskuren-300x211.jpg 300w, \/wp-content\/uploads\/sites\/4\/2026\/02\/8.Bj\u00f6rkskogen-beskuren-768x540.jpg 768w, \/wp-content\/uploads\/sites\/4\/2026\/02\/8.Bj\u00f6rkskogen-beskuren-427x300.jpg 427w, \/wp-content\/uploads\/sites\/4\/2026\/02\/8.Bj\u00f6rkskogen-beskuren.jpg 1358w\" sizes=\"auto, (max-width: 1024px) 100vw, 1024px\" \/><\/a><figcaption class=\"blocks-gallery-item__caption\">The Birch Forest<\/figcaption><\/figure><\/li><li class=\"blocks-gallery-item\"><figure><a href=\"\/wp-content\/uploads\/sites\/4\/2026\/02\/9.Den-evigt-unga-skogen-beskuren.jpg\" rel=\"lightbox-8\"><img loading=\"lazy\" decoding=\"async\" width=\"1024\" height=\"707\" src=\"\/wp-content\/uploads\/sites\/4\/2026\/02\/9.Den-evigt-unga-skogen-beskuren-1024x707.jpg\" alt=\"\" data-id=\"2151\" data-full-url=\"\/wp-content\/uploads\/sites\/4\/2026\/02\/9.Den-evigt-unga-skogen-beskuren.jpg\" data-link=\"https:\/\/www.arboretum-norr.se\/en\/the-forest-of-the-future\/9-den-evigt-unga-skogen-beskuren\/\" class=\"wp-image-2151\" srcset=\"\/wp-content\/uploads\/sites\/4\/2026\/02\/9.Den-evigt-unga-skogen-beskuren-1024x707.jpg 1024w, \/wp-content\/uploads\/sites\/4\/2026\/02\/9.Den-evigt-unga-skogen-beskuren-300x207.jpg 300w, \/wp-content\/uploads\/sites\/4\/2026\/02\/9.Den-evigt-unga-skogen-beskuren-768x530.jpg 768w, \/wp-content\/uploads\/sites\/4\/2026\/02\/9.Den-evigt-unga-skogen-beskuren-435x300.jpg 435w, \/wp-content\/uploads\/sites\/4\/2026\/02\/9.Den-evigt-unga-skogen-beskuren.jpg 1368w\" sizes=\"auto, (max-width: 1024px) 100vw, 1024px\" \/><\/a><figcaption class=\"blocks-gallery-item__caption\">The &#8220;Ever Juvenile Forest&#8221;<\/figcaption><\/figure><\/li><li class=\"blocks-gallery-item\"><figure><a href=\"\/wp-content\/uploads\/sites\/4\/2026\/02\/10.S\u00e4lgskogen-beskuren.jpg\" rel=\"lightbox-9\"><img loading=\"lazy\" decoding=\"async\" width=\"1024\" height=\"700\" src=\"\/wp-content\/uploads\/sites\/4\/2026\/02\/10.S\u00e4lgskogen-beskuren-1024x700.jpg\" alt=\"\" data-id=\"2152\" data-full-url=\"\/wp-content\/uploads\/sites\/4\/2026\/02\/10.S\u00e4lgskogen-beskuren.jpg\" data-link=\"https:\/\/www.arboretum-norr.se\/en\/the-forest-of-the-future\/10-salgskogen-beskuren\/\" class=\"wp-image-2152\" srcset=\"\/wp-content\/uploads\/sites\/4\/2026\/02\/10.S\u00e4lgskogen-beskuren-1024x700.jpg 1024w, \/wp-content\/uploads\/sites\/4\/2026\/02\/10.S\u00e4lgskogen-beskuren-300x205.jpg 300w, \/wp-content\/uploads\/sites\/4\/2026\/02\/10.S\u00e4lgskogen-beskuren-768x525.jpg 768w, \/wp-content\/uploads\/sites\/4\/2026\/02\/10.S\u00e4lgskogen-beskuren-439x300.jpg 439w, \/wp-content\/uploads\/sites\/4\/2026\/02\/10.S\u00e4lgskogen-beskuren.jpg 1352w\" sizes=\"auto, (max-width: 1024px) 100vw, 1024px\" \/><\/a><figcaption class=\"blocks-gallery-item__caption\">The Willow Forest<\/figcaption><\/figure><\/li><li class=\"blocks-gallery-item\"><figure><a href=\"\/wp-content\/uploads\/sites\/4\/2026\/02\/11.Den-olik\u00e5ldrade-granskogen-beskuren.jpg\" rel=\"lightbox-10\"><img loading=\"lazy\" decoding=\"async\" width=\"1024\" height=\"692\" src=\"\/wp-content\/uploads\/sites\/4\/2026\/02\/11.Den-olik\u00e5ldrade-granskogen-beskuren-1024x692.jpg\" alt=\"\" data-id=\"2153\" data-full-url=\"\/wp-content\/uploads\/sites\/4\/2026\/02\/11.Den-olik\u00e5ldrade-granskogen-beskuren.jpg\" data-link=\"https:\/\/www.arboretum-norr.se\/en\/the-forest-of-the-future\/11-den-olikaldrade-granskogen-beskuren\/\" class=\"wp-image-2153\" srcset=\"\/wp-content\/uploads\/sites\/4\/2026\/02\/11.Den-olik\u00e5ldrade-granskogen-beskuren-1024x692.jpg 1024w, \/wp-content\/uploads\/sites\/4\/2026\/02\/11.Den-olik\u00e5ldrade-granskogen-beskuren-300x203.jpg 300w, \/wp-content\/uploads\/sites\/4\/2026\/02\/11.Den-olik\u00e5ldrade-granskogen-beskuren-768x519.jpg 768w, \/wp-content\/uploads\/sites\/4\/2026\/02\/11.Den-olik\u00e5ldrade-granskogen-beskuren-444x300.jpg 444w, \/wp-content\/uploads\/sites\/4\/2026\/02\/11.Den-olik\u00e5ldrade-granskogen-beskuren.jpg 1364w\" sizes=\"auto, (max-width: 1024px) 100vw, 1024px\" \/><\/a><figcaption class=\"blocks-gallery-item__caption\">The Multiyeared Spruce Forest<\/figcaption><\/figure><\/li><li class=\"blocks-gallery-item\"><figure><a href=\"\/wp-content\/uploads\/sites\/4\/2026\/02\/12.Aspskogen-beskuren.jpg\" rel=\"lightbox-11\"><img loading=\"lazy\" decoding=\"async\" width=\"1024\" height=\"693\" src=\"\/wp-content\/uploads\/sites\/4\/2026\/02\/12.Aspskogen-beskuren-1024x693.jpg\" alt=\"\" data-id=\"2154\" data-full-url=\"\/wp-content\/uploads\/sites\/4\/2026\/02\/12.Aspskogen-beskuren.jpg\" data-link=\"https:\/\/www.arboretum-norr.se\/en\/the-forest-of-the-future\/12-aspskogen-beskuren\/\" class=\"wp-image-2154\" srcset=\"\/wp-content\/uploads\/sites\/4\/2026\/02\/12.Aspskogen-beskuren-1024x693.jpg 1024w, \/wp-content\/uploads\/sites\/4\/2026\/02\/12.Aspskogen-beskuren-300x203.jpg 300w, \/wp-content\/uploads\/sites\/4\/2026\/02\/12.Aspskogen-beskuren-768x520.jpg 768w, \/wp-content\/uploads\/sites\/4\/2026\/02\/12.Aspskogen-beskuren-443x300.jpg 443w, \/wp-content\/uploads\/sites\/4\/2026\/02\/12.Aspskogen-beskuren.jpg 1350w\" sizes=\"auto, (max-width: 1024px) 100vw, 1024px\" \/><\/a><figcaption class=\"blocks-gallery-item__caption\">The Aspen Forest<\/figcaption><\/figure><\/li><\/ul><figcaption class=\"blocks-gallery-caption\">Photos from the book <em>Framtidens skog- att sk\u00f6ta t\u00e4tortsn\u00e4ra ungskog<\/em> (The Forest of the Future \u2013 Managing Young Forests Close to Urban Areas), <strong>Jan Falck &amp; Dan Rydberg<\/strong>, 1996. Published by <strong>MOVIUM<\/strong><\/figcaption><\/figure>\n\n\n\n<figure class=\"wp-block-gallery columns-1 is-cropped wp-block-gallery-2 is-layout-flex wp-block-gallery-is-layout-flex\"><ul class=\"blocks-gallery-grid\"><li class=\"blocks-gallery-item\"><figure><a href=\"\/wp-content\/uploads\/sites\/4\/2026\/02\/Framtidens-skog-engelska-rotated.jpeg\" rel=\"lightbox-12\"><img loading=\"lazy\" decoding=\"async\" width=\"1024\" height=\"745\" src=\"\/wp-content\/uploads\/sites\/4\/2026\/02\/Framtidens-skog-engelska-1024x745.jpeg\" alt=\"\" data-id=\"2138\" data-full-url=\"\/wp-content\/uploads\/sites\/4\/2026\/02\/Framtidens-skog-engelska-rotated.jpeg\" data-link=\"https:\/\/www.arboretum-norr.se\/en\/?attachment_id=2138\" class=\"wp-image-2138\" srcset=\"\/wp-content\/uploads\/sites\/4\/2026\/02\/Framtidens-skog-engelska-1024x745.jpeg 1024w, \/wp-content\/uploads\/sites\/4\/2026\/02\/Framtidens-skog-engelska-300x218.jpeg 300w, \/wp-content\/uploads\/sites\/4\/2026\/02\/Framtidens-skog-engelska-768x558.jpeg 768w, \/wp-content\/uploads\/sites\/4\/2026\/02\/Framtidens-skog-engelska-1536x1117.jpeg 1536w, \/wp-content\/uploads\/sites\/4\/2026\/02\/Framtidens-skog-engelska-2048x1489.jpeg 2048w, \/wp-content\/uploads\/sites\/4\/2026\/02\/Framtidens-skog-engelska-413x300.jpeg 413w\" sizes=\"auto, (max-width: 1024px) 100vw, 1024px\" \/><\/a><\/figure><\/li><\/ul><\/figure>\n","protected":false},"excerpt":{"rendered":"<p>-a demonstration of urban forestry Next to the Campus Arboretum, on the north side of the SLU building, you will find \u2018The Forest of the Future\u2019. Starting with a self-seeded young forest that had grown up after clear-cutting twenty years &hellip; <a href=\"https:\/\/www.arboretum-norr.se\/en\/the-forest-of-the-future\/\">Continue reading <span class=\"meta-nav\">&rarr;<\/span><\/a><\/p>\n","protected":false},"author":797161,"featured_media":0,"parent":0,"menu_order":0,"comment_status":"closed","ping_status":"closed","template":"","meta":{"footnotes":""},"class_list":["post-2137","page","type-page","status-publish","hentry"],"_links":{"self":[{"href":"https:\/\/www.arboretum-norr.se\/en\/wp-json\/wp\/v2\/pages\/2137","targetHints":{"allow":["GET"]}}],"collection":[{"href":"https:\/\/www.arboretum-norr.se\/en\/wp-json\/wp\/v2\/pages"}],"about":[{"href":"https:\/\/www.arboretum-norr.se\/en\/wp-json\/wp\/v2\/types\/page"}],"author":[{"embeddable":true,"href":"https:\/\/www.arboretum-norr.se\/en\/wp-json\/wp\/v2\/users\/797161"}],"replies":[{"embeddable":true,"href":"https:\/\/www.arboretum-norr.se\/en\/wp-json\/wp\/v2\/comments?post=2137"}],"version-history":[{"count":3,"href":"https:\/\/www.arboretum-norr.se\/en\/wp-json\/wp\/v2\/pages\/2137\/revisions"}],"predecessor-version":[{"id":2157,"href":"https:\/\/www.arboretum-norr.se\/en\/wp-json\/wp\/v2\/pages\/2137\/revisions\/2157"}],"wp:attachment":[{"href":"https:\/\/www.arboretum-norr.se\/en\/wp-json\/wp\/v2\/media?parent=2137"}],"curies":[{"name":"wp","href":"https:\/\/api.w.org\/{rel}","templated":true}]}}