{"id":432,"date":"2018-03-16T15:07:11","date_gmt":"2018-03-16T14:07:11","guid":{"rendered":"https:\/\/kigo.se.vkube.cloud\/vanner\/?page_id=432"},"modified":"2018-03-16T16:11:46","modified_gmt":"2018-03-16T15:11:46","slug":"2012-bispgardens-forsoksodlingar-arboretum","status":"publish","type":"page","link":"https:\/\/www.arboretum-norr.se\/vanner\/2012-bispgardens-forsoksodlingar-arboretum\/","title":{"rendered":"2012 &#8211; Bispg\u00e5rdens f\u00f6rs\u00f6ksodlingar &#038; arboretum"},"content":{"rendered":"<p>Avresan gick fr\u00e5n Universums parkering kl 08:00 i 2 minibussar och en bil. F\u00f6rsta stopp var Sj\u00e4levad och medhavt fika intogs vid Mo\u00e4lvens strand. Resan fortsatte till L\u00e5ngsele camping d\u00e4r en god lunch intogs i vacker milj\u00f6. V\u00e4l framme vid \u00c4lgg\u00e5rdsberget konferenscenter i Bispg\u00e5rden inkvarterades deltagarna i sina rum och d\u00e4refter var det samling vid vinodlingen vid entr\u00e9n. D\u00e4r m\u00f6ttes deltagarna av H\u00e5kan Sch\u00fcberg som p\u00e5 ett sakkunnigt och underh\u00e5llande s\u00e4tt guidade deltagarna genom odlingar av olika hybridaspar. Sedan fick deltagarna se hur man tar fram olika hybrider i labmilj\u00f6. Efter en kopp kaffe visades arboretet som ligger i anslutning till konferenscentret. D\u00e4r fanns f\u00f6rutom druvor ocks\u00e5 ett par kastanjer ett flertal tr\u00e4d som inte borde trivas d\u00e4r. H\u00e5kan Sch\u00fcberg ber\u00e4ttade \u00e4ven om historien bakom anl\u00e4ggningen och visade \u00e4ven exempel p\u00e5 hur virket fr\u00e5n en del olika tr\u00e4dslag ser ut. Efter en 2-r\u00e4tters middag satt deltagarna uppe ett tag och pratade&#8230;<\/p>\n<p><a href=\"\/wp-content\/uploads\/sites\/2\/2018\/03\/IMG_1185-2.jpg\" rel=\"lightbox-0\"><img loading=\"lazy\" decoding=\"async\" class=\"alignnone size-medium wp-image-437\" src=\"\/wp-content\/uploads\/sites\/2\/2018\/03\/IMG_1185-2-300x225.jpg\" alt=\"\" width=\"300\" height=\"225\" srcset=\"\/wp-content\/uploads\/sites\/2\/2018\/03\/IMG_1185-2-300x225.jpg 300w, \/wp-content\/uploads\/sites\/2\/2018\/03\/IMG_1185-2-768x576.jpg 768w, \/wp-content\/uploads\/sites\/2\/2018\/03\/IMG_1185-2-1024x768.jpg 1024w, \/wp-content\/uploads\/sites\/2\/2018\/03\/IMG_1185-2.jpg 2000w\" sizes=\"auto, (max-width: 300px) 100vw, 300px\" \/><\/a><a href=\"\/wp-content\/uploads\/sites\/2\/2018\/03\/IMG_1179-2.jpg\" rel=\"lightbox-1\"><img loading=\"lazy\" decoding=\"async\" class=\"alignnone size-medium wp-image-436\" src=\"\/wp-content\/uploads\/sites\/2\/2018\/03\/IMG_1179-2-300x225.jpg\" alt=\"\" width=\"300\" height=\"225\" srcset=\"\/wp-content\/uploads\/sites\/2\/2018\/03\/IMG_1179-2-300x225.jpg 300w, \/wp-content\/uploads\/sites\/2\/2018\/03\/IMG_1179-2-768x576.jpg 768w, \/wp-content\/uploads\/sites\/2\/2018\/03\/IMG_1179-2-1024x768.jpg 1024w, \/wp-content\/uploads\/sites\/2\/2018\/03\/IMG_1179-2.jpg 2000w\" sizes=\"auto, (max-width: 300px) 100vw, 300px\" \/><\/a><\/p>\n<div id=\"attachment_435\" style=\"width: 310px\" class=\"wp-caption alignnone\"><a href=\"\/wp-content\/uploads\/sites\/2\/2018\/03\/IMG_1170-2.jpg\" rel=\"lightbox-2\"><img loading=\"lazy\" decoding=\"async\" aria-describedby=\"caption-attachment-435\" class=\"wp-image-435 size-medium\" src=\"\/wp-content\/uploads\/sites\/2\/2018\/03\/IMG_1170-2-300x225.jpg\" alt=\"\" width=\"300\" height=\"225\" srcset=\"\/wp-content\/uploads\/sites\/2\/2018\/03\/IMG_1170-2-300x225.jpg 300w, \/wp-content\/uploads\/sites\/2\/2018\/03\/IMG_1170-2-768x576.jpg 768w, \/wp-content\/uploads\/sites\/2\/2018\/03\/IMG_1170-2-1024x768.jpg 1024w, \/wp-content\/uploads\/sites\/2\/2018\/03\/IMG_1170-2.jpg 2000w\" sizes=\"auto, (max-width: 300px) 100vw, 300px\" \/><\/a><p id=\"caption-attachment-435\" class=\"wp-caption-text\">Lunchpaus vid Sollefte\u00e5 camping<\/p><\/div>\n","protected":false},"excerpt":{"rendered":"<p>Avresan gick fr\u00e5n Universums parkering kl 08:00 i 2 minibussar och en bil. F\u00f6rsta stopp var Sj\u00e4levad och medhavt fika intogs vid Mo\u00e4lvens strand. Resan fortsatte till L\u00e5ngsele camping d\u00e4r en god lunch intogs i <a class=\"read-more\" title=\"L\u00e4s vidare\" href=\"https:\/\/www.arboretum-norr.se\/vanner\/2012-bispgardens-forsoksodlingar-arboretum\/\"> &#8230;<\/a><\/p>\n","protected":false},"author":797161,"featured_media":0,"parent":0,"menu_order":0,"comment_status":"closed","ping_status":"closed","template":"","meta":{"footnotes":""},"class_list":["post-432","page","type-page","status-publish","hentry"],"_links":{"self":[{"href":"https:\/\/www.arboretum-norr.se\/vanner\/wp-json\/wp\/v2\/pages\/432","targetHints":{"allow":["GET"]}}],"collection":[{"href":"https:\/\/www.arboretum-norr.se\/vanner\/wp-json\/wp\/v2\/pages"}],"about":[{"href":"https:\/\/www.arboretum-norr.se\/vanner\/wp-json\/wp\/v2\/types\/page"}],"author":[{"embeddable":true,"href":"https:\/\/www.arboretum-norr.se\/vanner\/wp-json\/wp\/v2\/users\/797161"}],"replies":[{"embeddable":true,"href":"https:\/\/www.arboretum-norr.se\/vanner\/wp-json\/wp\/v2\/comments?post=432"}],"version-history":[{"count":4,"href":"https:\/\/www.arboretum-norr.se\/vanner\/wp-json\/wp\/v2\/pages\/432\/revisions"}],"predecessor-version":[{"id":453,"href":"https:\/\/www.arboretum-norr.se\/vanner\/wp-json\/wp\/v2\/pages\/432\/revisions\/453"}],"wp:attachment":[{"href":"https:\/\/www.arboretum-norr.se\/vanner\/wp-json\/wp\/v2\/media?parent=432"}],"curies":[{"name":"wp","href":"https:\/\/api.w.org\/{rel}","templated":true}]}}