{"id":8,"date":"2013-05-03T16:32:41","date_gmt":"2013-05-03T14:32:41","guid":{"rendered":"http:\/\/hkartor.se\/~vax\/arboretumnorrsvanner\/?page_id=8"},"modified":"2026-04-14T14:09:31","modified_gmt":"2026-04-14T12:09:31","slug":"om-oss","status":"publish","type":"page","link":"https:\/\/www.arboretum-norr.se\/vanner\/om-oss\/","title":{"rendered":"Bli Medlem"},"content":{"rendered":"<p><img loading=\"lazy\" decoding=\"async\" class=\"alignright wp-image-46 size-full\" style=\"width: 46%; margin-left: 2em;\" src=\"\/wp-content\/uploads\/sites\/2\/2013\/05\/jobb_arboretet.jpg\" alt=\"Jobb i arboretet\" width=\"552\" height=\"373\" srcset=\"\/wp-content\/uploads\/sites\/2\/2013\/05\/jobb_arboretet.jpg 552w, \/wp-content\/uploads\/sites\/2\/2013\/05\/jobb_arboretet-300x202.jpg 300w\" sizes=\"auto, (max-width: 552px) 100vw, 552px\" \/><\/p>\n<p>Som medlem i f\u00f6reningen f\u00e5r du ibland m\u00f6jlighet att ta del av arboretets exklusiva v\u00e4xtmaterial. Du f\u00e5r \u00e4ven det informationsmaterial som utges av Arboretum Norr och m\u00f6jlighet att delta i speciella visningar av arboretet i Baggb\u00f6le.<br \/>\nVi hoppas ocks\u00e5 att kunna ordna \u00e5rliga studieresor till andra arboreta, b\u00e5de i Sverige och utomlands.<\/p>\n<p>Medlem blir du enklast genom att s\u00e4tta in medlemsavgiften p\u00e5 v\u00e5rt<br \/>\n<strong>Swishnummer<\/strong>: 1233744711 eller p\u00e5 <strong>Plusgirokonto:<\/strong> 38 13 66-4<\/p>\n<p>Avgifterna \u00e4r som f\u00f6ljer:<\/p>\n<ul>\n<li>250 kr f\u00f6r enskild medlem<\/li>\n<li>300 kr f\u00f6r familjemedlemskap<\/li>\n<li>100\u00a0kr f\u00f6r studenter<\/li>\n<\/ul>\n<p>Uppge namn, adress, telefonnummer och e-postadress som meddelande vid inbetalningen.<\/p>\n<p>Vi har haft lite sv\u00e5rt att reda ut en del medlemsavgifts inbetalningar som saknat mailadress, s\u00e5 gl\u00f6m inte att ange det vid inbetalning!<\/p>\n","protected":false},"excerpt":{"rendered":"<p>Som medlem i f\u00f6reningen f\u00e5r du ibland m\u00f6jlighet att ta del av arboretets exklusiva v\u00e4xtmaterial. Du f\u00e5r \u00e4ven det informationsmaterial som utges av Arboretum Norr och m\u00f6jlighet att delta i speciella visningar av arboretet i <a class=\"read-more\" title=\"L\u00e4s vidare\" href=\"https:\/\/www.arboretum-norr.se\/vanner\/om-oss\/\"> &#8230;<\/a><\/p>\n","protected":false},"author":797161,"featured_media":0,"parent":0,"menu_order":0,"comment_status":"closed","ping_status":"closed","template":"","meta":{"footnotes":""},"class_list":["post-8","page","type-page","status-publish","hentry"],"_links":{"self":[{"href":"https:\/\/www.arboretum-norr.se\/vanner\/wp-json\/wp\/v2\/pages\/8","targetHints":{"allow":["GET"]}}],"collection":[{"href":"https:\/\/www.arboretum-norr.se\/vanner\/wp-json\/wp\/v2\/pages"}],"about":[{"href":"https:\/\/www.arboretum-norr.se\/vanner\/wp-json\/wp\/v2\/types\/page"}],"author":[{"embeddable":true,"href":"https:\/\/www.arboretum-norr.se\/vanner\/wp-json\/wp\/v2\/users\/797161"}],"replies":[{"embeddable":true,"href":"https:\/\/www.arboretum-norr.se\/vanner\/wp-json\/wp\/v2\/comments?post=8"}],"version-history":[{"count":3,"href":"https:\/\/www.arboretum-norr.se\/vanner\/wp-json\/wp\/v2\/pages\/8\/revisions"}],"predecessor-version":[{"id":929,"href":"https:\/\/www.arboretum-norr.se\/vanner\/wp-json\/wp\/v2\/pages\/8\/revisions\/929"}],"wp:attachment":[{"href":"https:\/\/www.arboretum-norr.se\/vanner\/wp-json\/wp\/v2\/media?parent=8"}],"curies":[{"name":"wp","href":"https:\/\/api.w.org\/{rel}","templated":true}]}}